{"id":741,"date":"2019-02-11T16:11:14","date_gmt":"2019-02-11T16:11:14","guid":{"rendered":"http:\/\/brero.wpengine.com\/?page_id=741"},"modified":"2020-03-05T09:17:39","modified_gmt":"2020-03-05T09:17:39","slug":"fraesen-fraesarbeiten","status":"publish","type":"page","link":"https:\/\/www.breroengineering.it\/de\/typologien\/fraesen-fraesarbeiten\/","title":{"rendered":"FR\u00c4SEN &#8211; FR\u00c4SARBEITEN"},"content":{"rendered":"<p><span style=\"font-size: medium;\">Wir verf\u00fcgen \u00fcber einen Arbeitsbereich, in dem wir vertikale und horizontale palettierte Bearbeitungszentren mit 7 Achsen, Transfermaschinen, Schleifmaschinen und Walzmaschine haben.<\/span><\/p>\n<p><span style=\"font-size: medium;\"><span lang=\"en-US\">Wir bearbeiten unterschiedliche Materialien: Legierungen, Edelstahl 1.4305, 1.4301, 1.4401, 1.4404, 1.4542, Messing, Aluminium Legierungen, Kupfer und TITAN G.5, thermoplastische Materialien und Druckgusse aus Aluminium.<\/span><\/span><\/p>\n<p><span style=\"font-size: medium;\"><span lang=\"en-US\">Ausserdem erm\u00f6glichen wir auch folgende Oberfl\u00e4chenbehandlungen: galvanische Behandlungen, Eloxierungen, chemische Vernickelung.<\/span><\/span><\/p>\n","protected":false},"excerpt":{"rendered":"<p>Wir verf\u00fcgen \u00fcber einen Arbeitsbereich, in dem wir vertikale und horizontale palettierte Bearbeitungszentren mit 7 Achsen, Transfermaschinen, Schleifmaschinen und Walzmaschine haben. Wir bearbeiten unterschiedliche Materialien: Legierungen, Edelstahl 1.4305, 1.4301, 1.4401, 1.4404, 1.4542, Messing, Aluminium Legierungen, Kupfer und TITAN G.5, thermoplastische Materialien und Druckgusse aus Aluminium. Ausserdem erm\u00f6glichen wir auch folgende Oberfl\u00e4chenbehandlungen: galvanische Behandlungen, Eloxierungen, chemische [&hellip;]<\/p>\n","protected":false},"author":2,"featured_media":0,"parent":701,"menu_order":0,"comment_status":"closed","ping_status":"closed","template":"","meta":{"_acf_changed":false,"iawp_total_views":56,"footnotes":""},"class_list":["post-741","page","type-page","status-publish","hentry"],"acf":[],"yoast_head":"<!-- This site is optimized with the Yoast SEO plugin v24.0 - https:\/\/yoast.com\/wordpress\/plugins\/seo\/ -->\n<title>FR\u00c4SEN - FR\u00c4SARBEITEN &#8226; Brero Engineering<\/title>\n<meta name=\"robots\" content=\"index, follow, max-snippet:-1, max-image-preview:large, max-video-preview:-1\" \/>\n<link rel=\"canonical\" href=\"https:\/\/www.breroengineering.it\/de\/typologien\/fraesen-fraesarbeiten\/\" \/>\n<meta property=\"og:locale\" content=\"de_DE\" \/>\n<meta property=\"og:type\" content=\"article\" \/>\n<meta property=\"og:title\" content=\"FR\u00c4SEN - FR\u00c4SARBEITEN &#8226; Brero Engineering\" \/>\n<meta property=\"og:description\" content=\"Wir verf\u00fcgen \u00fcber einen Arbeitsbereich, in dem wir vertikale und horizontale palettierte Bearbeitungszentren mit 7 Achsen, Transfermaschinen, Schleifmaschinen und Walzmaschine haben. Wir bearbeiten unterschiedliche Materialien: Legierungen, Edelstahl 1.4305, 1.4301, 1.4401, 1.4404, 1.4542, Messing, Aluminium Legierungen, Kupfer und TITAN G.5, thermoplastische Materialien und Druckgusse aus Aluminium. Ausserdem erm\u00f6glichen wir auch folgende Oberfl\u00e4chenbehandlungen: galvanische Behandlungen, Eloxierungen, chemische [&hellip;]\" \/>\n<meta property=\"og:url\" content=\"https:\/\/www.breroengineering.it\/de\/typologien\/fraesen-fraesarbeiten\/\" \/>\n<meta property=\"og:site_name\" content=\"Brero Engineering\" \/>\n<meta property=\"article:modified_time\" content=\"2020-03-05T09:17:39+00:00\" \/>\n<meta name=\"twitter:card\" content=\"summary_large_image\" \/>\n<script type=\"application\/ld+json\" class=\"yoast-schema-graph\">{\"@context\":\"https:\/\/schema.org\",\"@graph\":[{\"@type\":\"WebPage\",\"@id\":\"https:\/\/www.breroengineering.it\/de\/typologien\/fraesen-fraesarbeiten\/\",\"url\":\"https:\/\/www.breroengineering.it\/de\/typologien\/fraesen-fraesarbeiten\/\",\"name\":\"FR\u00c4SEN - FR\u00c4SARBEITEN &#8226; Brero Engineering\",\"isPartOf\":{\"@id\":\"https:\/\/www.breroengineering.it\/#website\"},\"datePublished\":\"2019-02-11T16:11:14+00:00\",\"dateModified\":\"2020-03-05T09:17:39+00:00\",\"breadcrumb\":{\"@id\":\"https:\/\/www.breroengineering.it\/de\/typologien\/fraesen-fraesarbeiten\/#breadcrumb\"},\"inLanguage\":\"de-DE\",\"potentialAction\":[{\"@type\":\"ReadAction\",\"target\":[\"https:\/\/www.breroengineering.it\/de\/typologien\/fraesen-fraesarbeiten\/\"]}]},{\"@type\":\"BreadcrumbList\",\"@id\":\"https:\/\/www.breroengineering.it\/de\/typologien\/fraesen-fraesarbeiten\/#breadcrumb\",\"itemListElement\":[{\"@type\":\"ListItem\",\"position\":1,\"name\":\"Home\",\"item\":\"https:\/\/www.breroengineering.it\/de\/\"},{\"@type\":\"ListItem\",\"position\":2,\"name\":\"Typologien\",\"item\":\"https:\/\/www.breroengineering.it\/de\/typologien\/\"},{\"@type\":\"ListItem\",\"position\":3,\"name\":\"FR\u00c4SEN &#8211; FR\u00c4SARBEITEN\"}]},{\"@type\":\"WebSite\",\"@id\":\"https:\/\/www.breroengineering.it\/#website\",\"url\":\"https:\/\/www.breroengineering.it\/\",\"name\":\"Brero Engineering\",\"description\":\"\",\"publisher\":{\"@id\":\"https:\/\/www.breroengineering.it\/#organization\"},\"potentialAction\":[{\"@type\":\"SearchAction\",\"target\":{\"@type\":\"EntryPoint\",\"urlTemplate\":\"https:\/\/www.breroengineering.it\/?s={search_term_string}\"},\"query-input\":{\"@type\":\"PropertyValueSpecification\",\"valueRequired\":true,\"valueName\":\"search_term_string\"}}],\"inLanguage\":\"de-DE\"},{\"@type\":\"Organization\",\"@id\":\"https:\/\/www.breroengineering.it\/#organization\",\"name\":\"Brero Engineering\",\"url\":\"https:\/\/www.breroengineering.it\/\",\"logo\":{\"@type\":\"ImageObject\",\"inLanguage\":\"de-DE\",\"@id\":\"https:\/\/www.breroengineering.it\/#\/schema\/logo\/image\/\",\"url\":\"https:\/\/www.breroengineering.it\/wp-content\/uploads\/2018\/11\/brero_logo_white@2x.png\",\"contentUrl\":\"https:\/\/www.breroengineering.it\/wp-content\/uploads\/2018\/11\/brero_logo_white@2x.png\",\"width\":1121,\"height\":108,\"caption\":\"Brero Engineering\"},\"image\":{\"@id\":\"https:\/\/www.breroengineering.it\/#\/schema\/logo\/image\/\"}}]}<\/script>\n<!-- \/ Yoast SEO plugin. -->","yoast_head_json":{"title":"FR\u00c4SEN - FR\u00c4SARBEITEN &#8226; Brero Engineering","robots":{"index":"index","follow":"follow","max-snippet":"max-snippet:-1","max-image-preview":"max-image-preview:large","max-video-preview":"max-video-preview:-1"},"canonical":"https:\/\/www.breroengineering.it\/de\/typologien\/fraesen-fraesarbeiten\/","og_locale":"de_DE","og_type":"article","og_title":"FR\u00c4SEN - FR\u00c4SARBEITEN &#8226; Brero Engineering","og_description":"Wir verf\u00fcgen \u00fcber einen Arbeitsbereich, in dem wir vertikale und horizontale palettierte Bearbeitungszentren mit 7 Achsen, Transfermaschinen, Schleifmaschinen und Walzmaschine haben. Wir bearbeiten unterschiedliche Materialien: Legierungen, Edelstahl 1.4305, 1.4301, 1.4401, 1.4404, 1.4542, Messing, Aluminium Legierungen, Kupfer und TITAN G.5, thermoplastische Materialien und Druckgusse aus Aluminium. Ausserdem erm\u00f6glichen wir auch folgende Oberfl\u00e4chenbehandlungen: galvanische Behandlungen, Eloxierungen, chemische [&hellip;]","og_url":"https:\/\/www.breroengineering.it\/de\/typologien\/fraesen-fraesarbeiten\/","og_site_name":"Brero Engineering","article_modified_time":"2020-03-05T09:17:39+00:00","twitter_card":"summary_large_image","schema":{"@context":"https:\/\/schema.org","@graph":[{"@type":"WebPage","@id":"https:\/\/www.breroengineering.it\/de\/typologien\/fraesen-fraesarbeiten\/","url":"https:\/\/www.breroengineering.it\/de\/typologien\/fraesen-fraesarbeiten\/","name":"FR\u00c4SEN - FR\u00c4SARBEITEN &#8226; Brero Engineering","isPartOf":{"@id":"https:\/\/www.breroengineering.it\/#website"},"datePublished":"2019-02-11T16:11:14+00:00","dateModified":"2020-03-05T09:17:39+00:00","breadcrumb":{"@id":"https:\/\/www.breroengineering.it\/de\/typologien\/fraesen-fraesarbeiten\/#breadcrumb"},"inLanguage":"de-DE","potentialAction":[{"@type":"ReadAction","target":["https:\/\/www.breroengineering.it\/de\/typologien\/fraesen-fraesarbeiten\/"]}]},{"@type":"BreadcrumbList","@id":"https:\/\/www.breroengineering.it\/de\/typologien\/fraesen-fraesarbeiten\/#breadcrumb","itemListElement":[{"@type":"ListItem","position":1,"name":"Home","item":"https:\/\/www.breroengineering.it\/de\/"},{"@type":"ListItem","position":2,"name":"Typologien","item":"https:\/\/www.breroengineering.it\/de\/typologien\/"},{"@type":"ListItem","position":3,"name":"FR\u00c4SEN &#8211; FR\u00c4SARBEITEN"}]},{"@type":"WebSite","@id":"https:\/\/www.breroengineering.it\/#website","url":"https:\/\/www.breroengineering.it\/","name":"Brero Engineering","description":"","publisher":{"@id":"https:\/\/www.breroengineering.it\/#organization"},"potentialAction":[{"@type":"SearchAction","target":{"@type":"EntryPoint","urlTemplate":"https:\/\/www.breroengineering.it\/?s={search_term_string}"},"query-input":{"@type":"PropertyValueSpecification","valueRequired":true,"valueName":"search_term_string"}}],"inLanguage":"de-DE"},{"@type":"Organization","@id":"https:\/\/www.breroengineering.it\/#organization","name":"Brero Engineering","url":"https:\/\/www.breroengineering.it\/","logo":{"@type":"ImageObject","inLanguage":"de-DE","@id":"https:\/\/www.breroengineering.it\/#\/schema\/logo\/image\/","url":"https:\/\/www.breroengineering.it\/wp-content\/uploads\/2018\/11\/brero_logo_white@2x.png","contentUrl":"https:\/\/www.breroengineering.it\/wp-content\/uploads\/2018\/11\/brero_logo_white@2x.png","width":1121,"height":108,"caption":"Brero Engineering"},"image":{"@id":"https:\/\/www.breroengineering.it\/#\/schema\/logo\/image\/"}}]}},"_links":{"self":[{"href":"https:\/\/www.breroengineering.it\/de\/wp-json\/wp\/v2\/pages\/741","targetHints":{"allow":["GET"]}}],"collection":[{"href":"https:\/\/www.breroengineering.it\/de\/wp-json\/wp\/v2\/pages"}],"about":[{"href":"https:\/\/www.breroengineering.it\/de\/wp-json\/wp\/v2\/types\/page"}],"author":[{"embeddable":true,"href":"https:\/\/www.breroengineering.it\/de\/wp-json\/wp\/v2\/users\/2"}],"replies":[{"embeddable":true,"href":"https:\/\/www.breroengineering.it\/de\/wp-json\/wp\/v2\/comments?post=741"}],"version-history":[{"count":0,"href":"https:\/\/www.breroengineering.it\/de\/wp-json\/wp\/v2\/pages\/741\/revisions"}],"up":[{"embeddable":true,"href":"https:\/\/www.breroengineering.it\/de\/wp-json\/wp\/v2\/pages\/701"}],"wp:attachment":[{"href":"https:\/\/www.breroengineering.it\/de\/wp-json\/wp\/v2\/media?parent=741"}],"curies":[{"name":"wp","href":"https:\/\/api.w.org\/{rel}","templated":true}]}}