{"id":730,"date":"2019-02-11T15:54:17","date_gmt":"2019-02-11T15:54:17","guid":{"rendered":"http:\/\/brero.wpengine.com\/?page_id=730"},"modified":"2019-04-19T14:50:54","modified_gmt":"2019-04-19T14:50:54","slug":"druckguss","status":"publish","type":"page","link":"https:\/\/www.breroengineering.it\/de\/typologien\/druckguss\/","title":{"rendered":"Druckguss"},"content":{"rendered":"<p>Unser Ziel ist einen umfassenden Service unseren Kunden anzubieten. Deshalb arbeiten wir eng mit ausgew\u00e4hlten Partnerunternehmen zusammen, die alle h\u00f6chsten Qualit\u00e4tsanforderungen erf\u00fcllen k\u00f6nnen.<br \/>\nDie Herstellung vom Druckguss und das Lackieren wird von unseren Partnerunternehmnen durchgef\u00fchrt. In einigen F\u00e4llen ist es der Kunde selbst, der uns seinen Referenzlieferant f\u00fcr den Druckguss mitteilt. Die mechanische Bearbeitung wir dann direkt bei uns im Haus gemacht und vollendet.<br \/>\nF\u00fcr unsere Kunden schafft diese Vorgangsweise eine Reihe von Vorteilen:<\/p>\n<ul>\n<li>wir \u00fcbernehmen alle Verarbeitungsprozesse als Hauptauftragnehmer<\/li>\n<li>wir verwalten nur einen einzigen Artikelnummer f\u00fcr alle Verarbeitungsprozesse<\/li>\n<li>einfache Handhabung<\/li>\n<\/ul>\n<p>Wir verwalten derzeit etwa 18 Druckgussformen: unser Ziel ist es, mit jedem einzelnen Kunden eine Zusammenarbeit aufzubauen, die einen gewinnbringenden Synergienaustausch erm\u00f6glicht.<\/p>\n","protected":false},"excerpt":{"rendered":"<p>Unser Ziel ist einen umfassenden Service unseren Kunden anzubieten. Deshalb arbeiten wir eng mit ausgew\u00e4hlten Partnerunternehmen zusammen, die alle h\u00f6chsten Qualit\u00e4tsanforderungen erf\u00fcllen k\u00f6nnen. Die Herstellung vom Druckguss und das Lackieren wird von unseren Partnerunternehmnen durchgef\u00fchrt. In einigen F\u00e4llen ist es der Kunde selbst, der uns seinen Referenzlieferant f\u00fcr den Druckguss mitteilt. Die mechanische Bearbeitung wir [&hellip;]<\/p>\n","protected":false},"author":2,"featured_media":0,"parent":701,"menu_order":0,"comment_status":"closed","ping_status":"closed","template":"","meta":{"_acf_changed":false,"iawp_total_views":52,"footnotes":""},"class_list":["post-730","page","type-page","status-publish","hentry"],"acf":[],"yoast_head":"<!-- This site is optimized with the Yoast SEO plugin v24.0 - https:\/\/yoast.com\/wordpress\/plugins\/seo\/ -->\n<title>Druckguss &#8226; Brero Engineering<\/title>\n<meta name=\"robots\" content=\"index, follow, max-snippet:-1, max-image-preview:large, max-video-preview:-1\" \/>\n<link rel=\"canonical\" href=\"https:\/\/www.breroengineering.it\/de\/typologien\/druckguss\/\" \/>\n<meta property=\"og:locale\" content=\"de_DE\" \/>\n<meta property=\"og:type\" content=\"article\" \/>\n<meta property=\"og:title\" content=\"Druckguss &#8226; Brero Engineering\" \/>\n<meta property=\"og:description\" content=\"Unser Ziel ist einen umfassenden Service unseren Kunden anzubieten. Deshalb arbeiten wir eng mit ausgew\u00e4hlten Partnerunternehmen zusammen, die alle h\u00f6chsten Qualit\u00e4tsanforderungen erf\u00fcllen k\u00f6nnen. Die Herstellung vom Druckguss und das Lackieren wird von unseren Partnerunternehmnen durchgef\u00fchrt. In einigen F\u00e4llen ist es der Kunde selbst, der uns seinen Referenzlieferant f\u00fcr den Druckguss mitteilt. Die mechanische Bearbeitung wir [&hellip;]\" \/>\n<meta property=\"og:url\" content=\"https:\/\/www.breroengineering.it\/de\/typologien\/druckguss\/\" \/>\n<meta property=\"og:site_name\" content=\"Brero Engineering\" \/>\n<meta property=\"article:modified_time\" content=\"2019-04-19T14:50:54+00:00\" \/>\n<meta name=\"twitter:card\" content=\"summary_large_image\" \/>\n<meta name=\"twitter:label1\" content=\"Gesch\u00e4tzte Lesezeit\" \/>\n\t<meta name=\"twitter:data1\" content=\"1 Minute\" \/>\n<script type=\"application\/ld+json\" class=\"yoast-schema-graph\">{\"@context\":\"https:\/\/schema.org\",\"@graph\":[{\"@type\":\"WebPage\",\"@id\":\"https:\/\/www.breroengineering.it\/de\/typologien\/druckguss\/\",\"url\":\"https:\/\/www.breroengineering.it\/de\/typologien\/druckguss\/\",\"name\":\"Druckguss &#8226; Brero Engineering\",\"isPartOf\":{\"@id\":\"https:\/\/www.breroengineering.it\/#website\"},\"datePublished\":\"2019-02-11T15:54:17+00:00\",\"dateModified\":\"2019-04-19T14:50:54+00:00\",\"breadcrumb\":{\"@id\":\"https:\/\/www.breroengineering.it\/de\/typologien\/druckguss\/#breadcrumb\"},\"inLanguage\":\"de-DE\",\"potentialAction\":[{\"@type\":\"ReadAction\",\"target\":[\"https:\/\/www.breroengineering.it\/de\/typologien\/druckguss\/\"]}]},{\"@type\":\"BreadcrumbList\",\"@id\":\"https:\/\/www.breroengineering.it\/de\/typologien\/druckguss\/#breadcrumb\",\"itemListElement\":[{\"@type\":\"ListItem\",\"position\":1,\"name\":\"Home\",\"item\":\"https:\/\/www.breroengineering.it\/de\/\"},{\"@type\":\"ListItem\",\"position\":2,\"name\":\"Typologien\",\"item\":\"https:\/\/www.breroengineering.it\/de\/typologien\/\"},{\"@type\":\"ListItem\",\"position\":3,\"name\":\"Druckguss\"}]},{\"@type\":\"WebSite\",\"@id\":\"https:\/\/www.breroengineering.it\/#website\",\"url\":\"https:\/\/www.breroengineering.it\/\",\"name\":\"Brero Engineering\",\"description\":\"\",\"publisher\":{\"@id\":\"https:\/\/www.breroengineering.it\/#organization\"},\"potentialAction\":[{\"@type\":\"SearchAction\",\"target\":{\"@type\":\"EntryPoint\",\"urlTemplate\":\"https:\/\/www.breroengineering.it\/?s={search_term_string}\"},\"query-input\":{\"@type\":\"PropertyValueSpecification\",\"valueRequired\":true,\"valueName\":\"search_term_string\"}}],\"inLanguage\":\"de-DE\"},{\"@type\":\"Organization\",\"@id\":\"https:\/\/www.breroengineering.it\/#organization\",\"name\":\"Brero Engineering\",\"url\":\"https:\/\/www.breroengineering.it\/\",\"logo\":{\"@type\":\"ImageObject\",\"inLanguage\":\"de-DE\",\"@id\":\"https:\/\/www.breroengineering.it\/#\/schema\/logo\/image\/\",\"url\":\"https:\/\/www.breroengineering.it\/wp-content\/uploads\/2018\/11\/brero_logo_white@2x.png\",\"contentUrl\":\"https:\/\/www.breroengineering.it\/wp-content\/uploads\/2018\/11\/brero_logo_white@2x.png\",\"width\":1121,\"height\":108,\"caption\":\"Brero Engineering\"},\"image\":{\"@id\":\"https:\/\/www.breroengineering.it\/#\/schema\/logo\/image\/\"}}]}<\/script>\n<!-- \/ Yoast SEO plugin. -->","yoast_head_json":{"title":"Druckguss &#8226; Brero Engineering","robots":{"index":"index","follow":"follow","max-snippet":"max-snippet:-1","max-image-preview":"max-image-preview:large","max-video-preview":"max-video-preview:-1"},"canonical":"https:\/\/www.breroengineering.it\/de\/typologien\/druckguss\/","og_locale":"de_DE","og_type":"article","og_title":"Druckguss &#8226; Brero Engineering","og_description":"Unser Ziel ist einen umfassenden Service unseren Kunden anzubieten. Deshalb arbeiten wir eng mit ausgew\u00e4hlten Partnerunternehmen zusammen, die alle h\u00f6chsten Qualit\u00e4tsanforderungen erf\u00fcllen k\u00f6nnen. Die Herstellung vom Druckguss und das Lackieren wird von unseren Partnerunternehmnen durchgef\u00fchrt. In einigen F\u00e4llen ist es der Kunde selbst, der uns seinen Referenzlieferant f\u00fcr den Druckguss mitteilt. Die mechanische Bearbeitung wir [&hellip;]","og_url":"https:\/\/www.breroengineering.it\/de\/typologien\/druckguss\/","og_site_name":"Brero Engineering","article_modified_time":"2019-04-19T14:50:54+00:00","twitter_card":"summary_large_image","twitter_misc":{"Gesch\u00e4tzte Lesezeit":"1 Minute"},"schema":{"@context":"https:\/\/schema.org","@graph":[{"@type":"WebPage","@id":"https:\/\/www.breroengineering.it\/de\/typologien\/druckguss\/","url":"https:\/\/www.breroengineering.it\/de\/typologien\/druckguss\/","name":"Druckguss &#8226; Brero Engineering","isPartOf":{"@id":"https:\/\/www.breroengineering.it\/#website"},"datePublished":"2019-02-11T15:54:17+00:00","dateModified":"2019-04-19T14:50:54+00:00","breadcrumb":{"@id":"https:\/\/www.breroengineering.it\/de\/typologien\/druckguss\/#breadcrumb"},"inLanguage":"de-DE","potentialAction":[{"@type":"ReadAction","target":["https:\/\/www.breroengineering.it\/de\/typologien\/druckguss\/"]}]},{"@type":"BreadcrumbList","@id":"https:\/\/www.breroengineering.it\/de\/typologien\/druckguss\/#breadcrumb","itemListElement":[{"@type":"ListItem","position":1,"name":"Home","item":"https:\/\/www.breroengineering.it\/de\/"},{"@type":"ListItem","position":2,"name":"Typologien","item":"https:\/\/www.breroengineering.it\/de\/typologien\/"},{"@type":"ListItem","position":3,"name":"Druckguss"}]},{"@type":"WebSite","@id":"https:\/\/www.breroengineering.it\/#website","url":"https:\/\/www.breroengineering.it\/","name":"Brero Engineering","description":"","publisher":{"@id":"https:\/\/www.breroengineering.it\/#organization"},"potentialAction":[{"@type":"SearchAction","target":{"@type":"EntryPoint","urlTemplate":"https:\/\/www.breroengineering.it\/?s={search_term_string}"},"query-input":{"@type":"PropertyValueSpecification","valueRequired":true,"valueName":"search_term_string"}}],"inLanguage":"de-DE"},{"@type":"Organization","@id":"https:\/\/www.breroengineering.it\/#organization","name":"Brero Engineering","url":"https:\/\/www.breroengineering.it\/","logo":{"@type":"ImageObject","inLanguage":"de-DE","@id":"https:\/\/www.breroengineering.it\/#\/schema\/logo\/image\/","url":"https:\/\/www.breroengineering.it\/wp-content\/uploads\/2018\/11\/brero_logo_white@2x.png","contentUrl":"https:\/\/www.breroengineering.it\/wp-content\/uploads\/2018\/11\/brero_logo_white@2x.png","width":1121,"height":108,"caption":"Brero Engineering"},"image":{"@id":"https:\/\/www.breroengineering.it\/#\/schema\/logo\/image\/"}}]}},"_links":{"self":[{"href":"https:\/\/www.breroengineering.it\/de\/wp-json\/wp\/v2\/pages\/730","targetHints":{"allow":["GET"]}}],"collection":[{"href":"https:\/\/www.breroengineering.it\/de\/wp-json\/wp\/v2\/pages"}],"about":[{"href":"https:\/\/www.breroengineering.it\/de\/wp-json\/wp\/v2\/types\/page"}],"author":[{"embeddable":true,"href":"https:\/\/www.breroengineering.it\/de\/wp-json\/wp\/v2\/users\/2"}],"replies":[{"embeddable":true,"href":"https:\/\/www.breroengineering.it\/de\/wp-json\/wp\/v2\/comments?post=730"}],"version-history":[{"count":0,"href":"https:\/\/www.breroengineering.it\/de\/wp-json\/wp\/v2\/pages\/730\/revisions"}],"up":[{"embeddable":true,"href":"https:\/\/www.breroengineering.it\/de\/wp-json\/wp\/v2\/pages\/701"}],"wp:attachment":[{"href":"https:\/\/www.breroengineering.it\/de\/wp-json\/wp\/v2\/media?parent=730"}],"curies":[{"name":"wp","href":"https:\/\/api.w.org\/{rel}","templated":true}]}}