{"id":701,"date":"2019-02-11T15:29:24","date_gmt":"2019-02-11T15:29:24","guid":{"rendered":"http:\/\/brero.wpengine.com\/?page_id=701"},"modified":"2025-01-28T18:10:27","modified_gmt":"2025-01-28T17:10:27","slug":"typologien","status":"publish","type":"page","link":"https:\/\/www.breroengineering.it\/de\/typologien\/","title":{"rendered":"Typologien"},"content":{"rendered":"<p><span style=\"font-size: medium;\"><span lang=\"en-US\">Um einen p\u00fcnktlichen, effizienten und umfassenden Service anbieten zu k\u00f6nnen, nutzen wir unser umfangreiches Know-how und treten gern als Hauptauftragnehmer auf.<\/span><\/span><\/p>\n<p><span style=\"font-size: medium;\"><span lang=\"en-US\">Organisation, Professionalit\u00e4t und Qualit\u00e4t sind unsere St\u00e4rken.<\/span><\/span><\/p>\n<p><span style=\"font-size: medium;\"><span lang=\"en-US\">Die <\/span><\/span><span style=\"font-size: medium;\"><span lang=\"en-US\"><b>ORGANISATION<\/b><\/span><\/span><span style=\"font-size: medium;\"><span lang=\"en-US\"> erleichtert und beschleunigt die Verwaltung aller Abl\u00e4ufe einer Lohnfertigung.<\/span><\/span><\/p>\n<p>Die <span style=\"font-size: medium;\"><span lang=\"en-US\"><b>PROFESSIONALIT\u00c4T <\/b><\/span><\/span><span style=\"font-size: medium;\"><span lang=\"en-US\">eines geschulten und erfahrenen Teams garantiert technischen Support, um alle Produktionsprozesse zu steuern und stets hervorragende Qualit\u00e4t zu erzielen.<\/span><\/span><\/p>\n<p>Die <span style=\"font-size: medium;\"><span lang=\"en-US\"><b>QUALIT\u00c4T<\/b><\/span><\/span><span style=\"font-size: medium;\"><span lang=\"en-US\"> umfasst, motiviert und beeinflusst alle Unternehmensfunktionen, um das vorrangige Ziel zu erreichen: volle Kundenzufriedenheit.<\/span><\/span><\/p>\n<p>Wir liefern alle Teile komplett mit:<\/p>\n<p>W\u00e4rmebehandlungen: Carbonitrieren, Einsatzh\u00e4rten, Vakuumh\u00e4rten, Induktionsh\u00e4rten<\/p>\n<p>Galvanische Behandlungen: Verzinken, Anodisieren, Phosphatieren, Br\u00fcnieren, Vergolden, Vernickeln, Verzinnen, Verchromen<\/p>\n<p>Chemische Behandlungen: Nipploy, chemisches Vernickeln<\/p>\n<p>Zu\u00e4tliche Behandlungen: Elektropolieren, Trommelverfahren, Sandstrahlen<\/p>\n<p>Druckguss: aus Aluminium und Magnesium<\/p>\n<p>Formteile: thermoplastische Werkstoffe<\/p>\n<p>Federn: Mikrofedern<\/p>\n","protected":false},"excerpt":{"rendered":"<p>Um einen p\u00fcnktlichen, effizienten und umfassenden Service anbieten zu k\u00f6nnen, nutzen wir unser umfangreiches Know-how und treten gern als Hauptauftragnehmer auf. Organisation, Professionalit\u00e4t und Qualit\u00e4t sind unsere St\u00e4rken. Die ORGANISATION erleichtert und beschleunigt die Verwaltung aller Abl\u00e4ufe einer Lohnfertigung. Die PROFESSIONALIT\u00c4T eines geschulten und erfahrenen Teams garantiert technischen Support, um alle Produktionsprozesse zu steuern und [&hellip;]<\/p>\n","protected":false},"author":2,"featured_media":0,"parent":0,"menu_order":0,"comment_status":"closed","ping_status":"closed","template":"","meta":{"_acf_changed":false,"iawp_total_views":55,"footnotes":""},"class_list":["post-701","page","type-page","status-publish","hentry"],"acf":[],"yoast_head":"<!-- This site is optimized with the Yoast SEO plugin v24.0 - https:\/\/yoast.com\/wordpress\/plugins\/seo\/ -->\n<title>Typologien &#8226; Brero Engineering<\/title>\n<meta name=\"robots\" content=\"index, follow, max-snippet:-1, max-image-preview:large, max-video-preview:-1\" \/>\n<link rel=\"canonical\" href=\"https:\/\/www.breroengineering.it\/de\/typologien\/\" \/>\n<meta property=\"og:locale\" content=\"de_DE\" \/>\n<meta property=\"og:type\" content=\"article\" \/>\n<meta property=\"og:title\" content=\"Typologien &#8226; Brero Engineering\" \/>\n<meta property=\"og:description\" content=\"Um einen p\u00fcnktlichen, effizienten und umfassenden Service anbieten zu k\u00f6nnen, nutzen wir unser umfangreiches Know-how und treten gern als Hauptauftragnehmer auf. Organisation, Professionalit\u00e4t und Qualit\u00e4t sind unsere St\u00e4rken. Die ORGANISATION erleichtert und beschleunigt die Verwaltung aller Abl\u00e4ufe einer Lohnfertigung. Die PROFESSIONALIT\u00c4T eines geschulten und erfahrenen Teams garantiert technischen Support, um alle Produktionsprozesse zu steuern und [&hellip;]\" \/>\n<meta property=\"og:url\" content=\"https:\/\/www.breroengineering.it\/de\/typologien\/\" \/>\n<meta property=\"og:site_name\" content=\"Brero Engineering\" \/>\n<meta property=\"article:modified_time\" content=\"2025-01-28T17:10:27+00:00\" \/>\n<meta name=\"twitter:card\" content=\"summary_large_image\" \/>\n<meta name=\"twitter:label1\" content=\"Gesch\u00e4tzte Lesezeit\" \/>\n\t<meta name=\"twitter:data1\" content=\"1 Minute\" \/>\n<script type=\"application\/ld+json\" class=\"yoast-schema-graph\">{\"@context\":\"https:\/\/schema.org\",\"@graph\":[{\"@type\":\"WebPage\",\"@id\":\"https:\/\/www.breroengineering.it\/de\/typologien\/\",\"url\":\"https:\/\/www.breroengineering.it\/de\/typologien\/\",\"name\":\"Typologien &#8226; Brero Engineering\",\"isPartOf\":{\"@id\":\"https:\/\/www.breroengineering.it\/#website\"},\"datePublished\":\"2019-02-11T15:29:24+00:00\",\"dateModified\":\"2025-01-28T17:10:27+00:00\",\"breadcrumb\":{\"@id\":\"https:\/\/www.breroengineering.it\/de\/typologien\/#breadcrumb\"},\"inLanguage\":\"de-DE\",\"potentialAction\":[{\"@type\":\"ReadAction\",\"target\":[\"https:\/\/www.breroengineering.it\/de\/typologien\/\"]}]},{\"@type\":\"BreadcrumbList\",\"@id\":\"https:\/\/www.breroengineering.it\/de\/typologien\/#breadcrumb\",\"itemListElement\":[{\"@type\":\"ListItem\",\"position\":1,\"name\":\"Home\",\"item\":\"https:\/\/www.breroengineering.it\/de\/\"},{\"@type\":\"ListItem\",\"position\":2,\"name\":\"Typologien\"}]},{\"@type\":\"WebSite\",\"@id\":\"https:\/\/www.breroengineering.it\/#website\",\"url\":\"https:\/\/www.breroengineering.it\/\",\"name\":\"Brero Engineering\",\"description\":\"\",\"publisher\":{\"@id\":\"https:\/\/www.breroengineering.it\/#organization\"},\"potentialAction\":[{\"@type\":\"SearchAction\",\"target\":{\"@type\":\"EntryPoint\",\"urlTemplate\":\"https:\/\/www.breroengineering.it\/?s={search_term_string}\"},\"query-input\":{\"@type\":\"PropertyValueSpecification\",\"valueRequired\":true,\"valueName\":\"search_term_string\"}}],\"inLanguage\":\"de-DE\"},{\"@type\":\"Organization\",\"@id\":\"https:\/\/www.breroengineering.it\/#organization\",\"name\":\"Brero Engineering\",\"url\":\"https:\/\/www.breroengineering.it\/\",\"logo\":{\"@type\":\"ImageObject\",\"inLanguage\":\"de-DE\",\"@id\":\"https:\/\/www.breroengineering.it\/#\/schema\/logo\/image\/\",\"url\":\"https:\/\/www.breroengineering.it\/wp-content\/uploads\/2018\/11\/brero_logo_white@2x.png\",\"contentUrl\":\"https:\/\/www.breroengineering.it\/wp-content\/uploads\/2018\/11\/brero_logo_white@2x.png\",\"width\":1121,\"height\":108,\"caption\":\"Brero Engineering\"},\"image\":{\"@id\":\"https:\/\/www.breroengineering.it\/#\/schema\/logo\/image\/\"}}]}<\/script>\n<!-- \/ Yoast SEO plugin. -->","yoast_head_json":{"title":"Typologien &#8226; Brero Engineering","robots":{"index":"index","follow":"follow","max-snippet":"max-snippet:-1","max-image-preview":"max-image-preview:large","max-video-preview":"max-video-preview:-1"},"canonical":"https:\/\/www.breroengineering.it\/de\/typologien\/","og_locale":"de_DE","og_type":"article","og_title":"Typologien &#8226; Brero Engineering","og_description":"Um einen p\u00fcnktlichen, effizienten und umfassenden Service anbieten zu k\u00f6nnen, nutzen wir unser umfangreiches Know-how und treten gern als Hauptauftragnehmer auf. Organisation, Professionalit\u00e4t und Qualit\u00e4t sind unsere St\u00e4rken. Die ORGANISATION erleichtert und beschleunigt die Verwaltung aller Abl\u00e4ufe einer Lohnfertigung. Die PROFESSIONALIT\u00c4T eines geschulten und erfahrenen Teams garantiert technischen Support, um alle Produktionsprozesse zu steuern und [&hellip;]","og_url":"https:\/\/www.breroengineering.it\/de\/typologien\/","og_site_name":"Brero Engineering","article_modified_time":"2025-01-28T17:10:27+00:00","twitter_card":"summary_large_image","twitter_misc":{"Gesch\u00e4tzte Lesezeit":"1 Minute"},"schema":{"@context":"https:\/\/schema.org","@graph":[{"@type":"WebPage","@id":"https:\/\/www.breroengineering.it\/de\/typologien\/","url":"https:\/\/www.breroengineering.it\/de\/typologien\/","name":"Typologien &#8226; Brero Engineering","isPartOf":{"@id":"https:\/\/www.breroengineering.it\/#website"},"datePublished":"2019-02-11T15:29:24+00:00","dateModified":"2025-01-28T17:10:27+00:00","breadcrumb":{"@id":"https:\/\/www.breroengineering.it\/de\/typologien\/#breadcrumb"},"inLanguage":"de-DE","potentialAction":[{"@type":"ReadAction","target":["https:\/\/www.breroengineering.it\/de\/typologien\/"]}]},{"@type":"BreadcrumbList","@id":"https:\/\/www.breroengineering.it\/de\/typologien\/#breadcrumb","itemListElement":[{"@type":"ListItem","position":1,"name":"Home","item":"https:\/\/www.breroengineering.it\/de\/"},{"@type":"ListItem","position":2,"name":"Typologien"}]},{"@type":"WebSite","@id":"https:\/\/www.breroengineering.it\/#website","url":"https:\/\/www.breroengineering.it\/","name":"Brero Engineering","description":"","publisher":{"@id":"https:\/\/www.breroengineering.it\/#organization"},"potentialAction":[{"@type":"SearchAction","target":{"@type":"EntryPoint","urlTemplate":"https:\/\/www.breroengineering.it\/?s={search_term_string}"},"query-input":{"@type":"PropertyValueSpecification","valueRequired":true,"valueName":"search_term_string"}}],"inLanguage":"de-DE"},{"@type":"Organization","@id":"https:\/\/www.breroengineering.it\/#organization","name":"Brero Engineering","url":"https:\/\/www.breroengineering.it\/","logo":{"@type":"ImageObject","inLanguage":"de-DE","@id":"https:\/\/www.breroengineering.it\/#\/schema\/logo\/image\/","url":"https:\/\/www.breroengineering.it\/wp-content\/uploads\/2018\/11\/brero_logo_white@2x.png","contentUrl":"https:\/\/www.breroengineering.it\/wp-content\/uploads\/2018\/11\/brero_logo_white@2x.png","width":1121,"height":108,"caption":"Brero Engineering"},"image":{"@id":"https:\/\/www.breroengineering.it\/#\/schema\/logo\/image\/"}}]}},"_links":{"self":[{"href":"https:\/\/www.breroengineering.it\/de\/wp-json\/wp\/v2\/pages\/701","targetHints":{"allow":["GET"]}}],"collection":[{"href":"https:\/\/www.breroengineering.it\/de\/wp-json\/wp\/v2\/pages"}],"about":[{"href":"https:\/\/www.breroengineering.it\/de\/wp-json\/wp\/v2\/types\/page"}],"author":[{"embeddable":true,"href":"https:\/\/www.breroengineering.it\/de\/wp-json\/wp\/v2\/users\/2"}],"replies":[{"embeddable":true,"href":"https:\/\/www.breroengineering.it\/de\/wp-json\/wp\/v2\/comments?post=701"}],"version-history":[{"count":0,"href":"https:\/\/www.breroengineering.it\/de\/wp-json\/wp\/v2\/pages\/701\/revisions"}],"wp:attachment":[{"href":"https:\/\/www.breroengineering.it\/de\/wp-json\/wp\/v2\/media?parent=701"}],"curies":[{"name":"wp","href":"https:\/\/api.w.org\/{rel}","templated":true}]}}