{"id":646,"date":"2019-02-11T14:37:08","date_gmt":"2019-02-11T14:37:08","guid":{"rendered":"http:\/\/brero.wpengine.com\/?page_id=646"},"modified":"2025-01-28T18:17:40","modified_gmt":"2025-01-28T17:17:40","slug":"qualitaet","status":"publish","type":"page","link":"https:\/\/www.breroengineering.it\/de\/qualitaet\/","title":{"rendered":"Qualit\u00e4t"},"content":{"rendered":"<p>In unserem Unternehmen spielt die Qualit\u00e4t eine wichtige Rolle. <strong>Durch modernste technologische Systeme \u00fcberwachen wir Schritt f\u00fcr Schritt den gesamten Produktionszyklus.<\/strong><\/p>\n<p>Dank der statistischen Prozesskontrolle werden alle Phasen des Produktionszyklus st\u00e4ndig analysiert und gleichzeitig werden auch die wichtigsten Daten erfasst. Wir verwirklichen in allen\u00a0Produktionsphasen\u00a0ein effizientes Qualit\u00e4tsmanagement.<\/p>\n<p>Unsere <strong>QS<\/strong> benutzt spezifische Instrumente und Ausr\u00fcstungen, die regelm\u00e4ssig kontrolliert und erneuert werden.<\/p>\n<p>Dar\u00fcber hinaus erm\u00f6glicht unser Materialr\u00fcckverfolgungssystem eine absolute korrekte und pr\u00e4zise interne Arbeitsverwaltung.<\/p>\n<p><strong>Durch die Kombination von modernsten Technologien und hervorragenden Professionalit\u00e4t k\u00f6nnen wir st\u00e4ndig hohe Qualit\u00e4tsstandards garantieren.<\/strong><\/p>\n<p>In den letzten Jahren haben wir viel in technologisch moderne Ger\u00e4te und Instrumente investiert.<br \/>\nDas St\u00fcck wird nach strengsten Automotive Vorschriften gereinigt.<\/p>\n<p>Ein neue IFP KP 100 WMA Anlage wurde eingef\u00fchrt: ein Vakuumentfetter mit w\u00e4ssriger Reinigungsl\u00f6sung, die zus\u00e4tzlich zum Entfetten sowie zur Innen- und Au\u00dfenreinigung am Ende des Zyklus eine Ultraschallreinigung durchf\u00fchrt.<\/p>\n<p>Dies ist eine sehr innovative Maschine der neuesten Generation, die eine hohe Qualit\u00e4t garantiert und Flecken und Restmaterial entfernt.<\/p>\n<p>Alle Teile werden anschliessend nochmals 100% kontrolliert, bevor diese verpackt werden.<\/p>\n<p><strong>Wir versuchen st\u00e4ndig die beste Qualit\u00e4t zu erreichen und fehlerfrei zu arbeiten.<\/strong> Aus diesem Grund haben sich viele nahmhafte Unternehmen f\u00fcr eine Zusammenarbeit mit uns entschieden.<\/p>\n<p>Wir respektieren die Umwelt, indem wir die Umweltverschmutzung vermeiden und die Auswirkungen auf die Umwelt minimieren. Dar\u00fcber hinaus arbeiten alle unsere Mitarbeiter mit hohen Sicherheitsstandards zum Schutz ihrer Gesundheit.<\/p>\n","protected":false},"excerpt":{"rendered":"<p>In unserem Unternehmen spielt die Qualit\u00e4t eine wichtige Rolle. Durch modernste technologische Systeme \u00fcberwachen wir Schritt f\u00fcr Schritt den gesamten Produktionszyklus. Dank der statistischen Prozesskontrolle werden alle Phasen des Produktionszyklus st\u00e4ndig analysiert und gleichzeitig werden auch die wichtigsten Daten erfasst. Wir verwirklichen in allen\u00a0Produktionsphasen\u00a0ein effizientes Qualit\u00e4tsmanagement. Unsere QS benutzt spezifische Instrumente und Ausr\u00fcstungen, die regelm\u00e4ssig [&hellip;]<\/p>\n","protected":false},"author":2,"featured_media":0,"parent":0,"menu_order":0,"comment_status":"closed","ping_status":"closed","template":"","meta":{"_acf_changed":false,"iawp_total_views":41,"footnotes":""},"class_list":["post-646","page","type-page","status-publish","hentry"],"acf":[],"yoast_head":"<!-- This site is optimized with the Yoast SEO plugin v24.0 - https:\/\/yoast.com\/wordpress\/plugins\/seo\/ -->\n<title>Qualit\u00e4t &#8226; Brero Engineering<\/title>\n<meta name=\"robots\" content=\"index, follow, max-snippet:-1, max-image-preview:large, max-video-preview:-1\" \/>\n<link rel=\"canonical\" href=\"https:\/\/www.breroengineering.it\/de\/qualitaet\/\" \/>\n<meta property=\"og:locale\" content=\"de_DE\" \/>\n<meta property=\"og:type\" content=\"article\" \/>\n<meta property=\"og:title\" content=\"Qualit\u00e4t &#8226; Brero Engineering\" \/>\n<meta property=\"og:description\" content=\"In unserem Unternehmen spielt die Qualit\u00e4t eine wichtige Rolle. Durch modernste technologische Systeme \u00fcberwachen wir Schritt f\u00fcr Schritt den gesamten Produktionszyklus. Dank der statistischen Prozesskontrolle werden alle Phasen des Produktionszyklus st\u00e4ndig analysiert und gleichzeitig werden auch die wichtigsten Daten erfasst. Wir verwirklichen in allen\u00a0Produktionsphasen\u00a0ein effizientes Qualit\u00e4tsmanagement. Unsere QS benutzt spezifische Instrumente und Ausr\u00fcstungen, die regelm\u00e4ssig [&hellip;]\" \/>\n<meta property=\"og:url\" content=\"https:\/\/www.breroengineering.it\/de\/qualitaet\/\" \/>\n<meta property=\"og:site_name\" content=\"Brero Engineering\" \/>\n<meta property=\"article:modified_time\" content=\"2025-01-28T17:17:40+00:00\" \/>\n<meta name=\"twitter:card\" content=\"summary_large_image\" \/>\n<meta name=\"twitter:label1\" content=\"Gesch\u00e4tzte Lesezeit\" \/>\n\t<meta name=\"twitter:data1\" content=\"2 Minuten\" \/>\n<script type=\"application\/ld+json\" class=\"yoast-schema-graph\">{\"@context\":\"https:\/\/schema.org\",\"@graph\":[{\"@type\":\"WebPage\",\"@id\":\"https:\/\/www.breroengineering.it\/de\/qualitaet\/\",\"url\":\"https:\/\/www.breroengineering.it\/de\/qualitaet\/\",\"name\":\"Qualit\u00e4t &#8226; Brero Engineering\",\"isPartOf\":{\"@id\":\"https:\/\/www.breroengineering.it\/#website\"},\"datePublished\":\"2019-02-11T14:37:08+00:00\",\"dateModified\":\"2025-01-28T17:17:40+00:00\",\"breadcrumb\":{\"@id\":\"https:\/\/www.breroengineering.it\/de\/qualitaet\/#breadcrumb\"},\"inLanguage\":\"de-DE\",\"potentialAction\":[{\"@type\":\"ReadAction\",\"target\":[\"https:\/\/www.breroengineering.it\/de\/qualitaet\/\"]}]},{\"@type\":\"BreadcrumbList\",\"@id\":\"https:\/\/www.breroengineering.it\/de\/qualitaet\/#breadcrumb\",\"itemListElement\":[{\"@type\":\"ListItem\",\"position\":1,\"name\":\"Home\",\"item\":\"https:\/\/www.breroengineering.it\/de\/\"},{\"@type\":\"ListItem\",\"position\":2,\"name\":\"Qualit\u00e4t\"}]},{\"@type\":\"WebSite\",\"@id\":\"https:\/\/www.breroengineering.it\/#website\",\"url\":\"https:\/\/www.breroengineering.it\/\",\"name\":\"Brero Engineering\",\"description\":\"\",\"publisher\":{\"@id\":\"https:\/\/www.breroengineering.it\/#organization\"},\"potentialAction\":[{\"@type\":\"SearchAction\",\"target\":{\"@type\":\"EntryPoint\",\"urlTemplate\":\"https:\/\/www.breroengineering.it\/?s={search_term_string}\"},\"query-input\":{\"@type\":\"PropertyValueSpecification\",\"valueRequired\":true,\"valueName\":\"search_term_string\"}}],\"inLanguage\":\"de-DE\"},{\"@type\":\"Organization\",\"@id\":\"https:\/\/www.breroengineering.it\/#organization\",\"name\":\"Brero Engineering\",\"url\":\"https:\/\/www.breroengineering.it\/\",\"logo\":{\"@type\":\"ImageObject\",\"inLanguage\":\"de-DE\",\"@id\":\"https:\/\/www.breroengineering.it\/#\/schema\/logo\/image\/\",\"url\":\"https:\/\/www.breroengineering.it\/wp-content\/uploads\/2018\/11\/brero_logo_white@2x.png\",\"contentUrl\":\"https:\/\/www.breroengineering.it\/wp-content\/uploads\/2018\/11\/brero_logo_white@2x.png\",\"width\":1121,\"height\":108,\"caption\":\"Brero Engineering\"},\"image\":{\"@id\":\"https:\/\/www.breroengineering.it\/#\/schema\/logo\/image\/\"}}]}<\/script>\n<!-- \/ Yoast SEO plugin. -->","yoast_head_json":{"title":"Qualit\u00e4t &#8226; Brero Engineering","robots":{"index":"index","follow":"follow","max-snippet":"max-snippet:-1","max-image-preview":"max-image-preview:large","max-video-preview":"max-video-preview:-1"},"canonical":"https:\/\/www.breroengineering.it\/de\/qualitaet\/","og_locale":"de_DE","og_type":"article","og_title":"Qualit\u00e4t &#8226; Brero Engineering","og_description":"In unserem Unternehmen spielt die Qualit\u00e4t eine wichtige Rolle. Durch modernste technologische Systeme \u00fcberwachen wir Schritt f\u00fcr Schritt den gesamten Produktionszyklus. Dank der statistischen Prozesskontrolle werden alle Phasen des Produktionszyklus st\u00e4ndig analysiert und gleichzeitig werden auch die wichtigsten Daten erfasst. Wir verwirklichen in allen\u00a0Produktionsphasen\u00a0ein effizientes Qualit\u00e4tsmanagement. Unsere QS benutzt spezifische Instrumente und Ausr\u00fcstungen, die regelm\u00e4ssig [&hellip;]","og_url":"https:\/\/www.breroengineering.it\/de\/qualitaet\/","og_site_name":"Brero Engineering","article_modified_time":"2025-01-28T17:17:40+00:00","twitter_card":"summary_large_image","twitter_misc":{"Gesch\u00e4tzte Lesezeit":"2 Minuten"},"schema":{"@context":"https:\/\/schema.org","@graph":[{"@type":"WebPage","@id":"https:\/\/www.breroengineering.it\/de\/qualitaet\/","url":"https:\/\/www.breroengineering.it\/de\/qualitaet\/","name":"Qualit\u00e4t &#8226; Brero Engineering","isPartOf":{"@id":"https:\/\/www.breroengineering.it\/#website"},"datePublished":"2019-02-11T14:37:08+00:00","dateModified":"2025-01-28T17:17:40+00:00","breadcrumb":{"@id":"https:\/\/www.breroengineering.it\/de\/qualitaet\/#breadcrumb"},"inLanguage":"de-DE","potentialAction":[{"@type":"ReadAction","target":["https:\/\/www.breroengineering.it\/de\/qualitaet\/"]}]},{"@type":"BreadcrumbList","@id":"https:\/\/www.breroengineering.it\/de\/qualitaet\/#breadcrumb","itemListElement":[{"@type":"ListItem","position":1,"name":"Home","item":"https:\/\/www.breroengineering.it\/de\/"},{"@type":"ListItem","position":2,"name":"Qualit\u00e4t"}]},{"@type":"WebSite","@id":"https:\/\/www.breroengineering.it\/#website","url":"https:\/\/www.breroengineering.it\/","name":"Brero Engineering","description":"","publisher":{"@id":"https:\/\/www.breroengineering.it\/#organization"},"potentialAction":[{"@type":"SearchAction","target":{"@type":"EntryPoint","urlTemplate":"https:\/\/www.breroengineering.it\/?s={search_term_string}"},"query-input":{"@type":"PropertyValueSpecification","valueRequired":true,"valueName":"search_term_string"}}],"inLanguage":"de-DE"},{"@type":"Organization","@id":"https:\/\/www.breroengineering.it\/#organization","name":"Brero Engineering","url":"https:\/\/www.breroengineering.it\/","logo":{"@type":"ImageObject","inLanguage":"de-DE","@id":"https:\/\/www.breroengineering.it\/#\/schema\/logo\/image\/","url":"https:\/\/www.breroengineering.it\/wp-content\/uploads\/2018\/11\/brero_logo_white@2x.png","contentUrl":"https:\/\/www.breroengineering.it\/wp-content\/uploads\/2018\/11\/brero_logo_white@2x.png","width":1121,"height":108,"caption":"Brero Engineering"},"image":{"@id":"https:\/\/www.breroengineering.it\/#\/schema\/logo\/image\/"}}]}},"_links":{"self":[{"href":"https:\/\/www.breroengineering.it\/de\/wp-json\/wp\/v2\/pages\/646","targetHints":{"allow":["GET"]}}],"collection":[{"href":"https:\/\/www.breroengineering.it\/de\/wp-json\/wp\/v2\/pages"}],"about":[{"href":"https:\/\/www.breroengineering.it\/de\/wp-json\/wp\/v2\/types\/page"}],"author":[{"embeddable":true,"href":"https:\/\/www.breroengineering.it\/de\/wp-json\/wp\/v2\/users\/2"}],"replies":[{"embeddable":true,"href":"https:\/\/www.breroengineering.it\/de\/wp-json\/wp\/v2\/comments?post=646"}],"version-history":[{"count":0,"href":"https:\/\/www.breroengineering.it\/de\/wp-json\/wp\/v2\/pages\/646\/revisions"}],"wp:attachment":[{"href":"https:\/\/www.breroengineering.it\/de\/wp-json\/wp\/v2\/media?parent=646"}],"curies":[{"name":"wp","href":"https:\/\/api.w.org\/{rel}","templated":true}]}}