{"id":645,"date":"2019-02-11T14:22:58","date_gmt":"2019-02-11T14:22:58","guid":{"rendered":"http:\/\/brero.wpengine.com\/?page_id=645"},"modified":"2025-01-28T18:17:12","modified_gmt":"2025-01-28T17:17:12","slug":"materialien","status":"publish","type":"page","link":"https:\/\/www.breroengineering.it\/de\/materialien\/","title":{"rendered":"Materialien"},"content":{"rendered":"<p>Flexibilit\u00e4t ist einer unserer wichtigsten Eigenschaften.<br \/>\nGenau diese ausgepr\u00e4gte F\u00e4higkeit erm\u00f6glicht uns, <strong>die Stangenbearbeitung aller Eisen- und Nichteisenmaterialien durchzuf\u00fchren:<\/strong><\/p>\n<ul>\n<li>Messing mit oder ohne Blei<\/li>\n<li>legierte St\u00e4hle (18NiCr, 39NiCr, 42CrMo)<\/li>\n<li>rostfreie St\u00e4hle (1.4305, 1.4301, 1.4401, 1.4404)<\/li>\n<li>Sonderst\u00e4hle (1.4542 &#8211; 17\/4 PH)<\/li>\n<li>Titan<\/li>\n<li>Aluminium und Legierungen (Ergal-Avional)<\/li>\n<li>Bronze<\/li>\n<li>Kupfer<\/li>\n<li>Kunststoffmaterialien (Nylon, Pom, Delrin, PVC, Peek)<\/li>\n<\/ul>\n<p><strong>Wir sind immer in der Lage, die Werkstoffzertifikate zur Verf\u00fcgung zu stellen.<\/strong><\/p>\n<p>Auf Wunsch des Kundes k\u00f6nnen wir <strong>chemische und metallographische Analysen<\/strong> von Probest\u00fccken der verschiedenen Lose durchf\u00fchren.<\/p>\n","protected":false},"excerpt":{"rendered":"<p>Flexibilit\u00e4t ist einer unserer wichtigsten Eigenschaften. Genau diese ausgepr\u00e4gte F\u00e4higkeit erm\u00f6glicht uns, die Stangenbearbeitung aller Eisen- und Nichteisenmaterialien durchzuf\u00fchren: Messing mit oder ohne Blei legierte St\u00e4hle (18NiCr, 39NiCr, 42CrMo) rostfreie St\u00e4hle (1.4305, 1.4301, 1.4401, 1.4404) Sonderst\u00e4hle (1.4542 &#8211; 17\/4 PH) Titan Aluminium und Legierungen (Ergal-Avional) Bronze Kupfer Kunststoffmaterialien (Nylon, Pom, Delrin, PVC, Peek) Wir sind [&hellip;]<\/p>\n","protected":false},"author":2,"featured_media":0,"parent":0,"menu_order":0,"comment_status":"closed","ping_status":"closed","template":"","meta":{"_acf_changed":false,"iawp_total_views":56,"footnotes":""},"class_list":["post-645","page","type-page","status-publish","hentry"],"acf":[],"yoast_head":"<!-- This site is optimized with the Yoast SEO plugin v24.0 - https:\/\/yoast.com\/wordpress\/plugins\/seo\/ -->\n<title>Materialien &#8226; Brero Engineering<\/title>\n<meta name=\"robots\" content=\"index, follow, max-snippet:-1, max-image-preview:large, max-video-preview:-1\" \/>\n<link rel=\"canonical\" href=\"https:\/\/www.breroengineering.it\/de\/materialien\/\" \/>\n<meta property=\"og:locale\" content=\"de_DE\" \/>\n<meta property=\"og:type\" content=\"article\" \/>\n<meta property=\"og:title\" content=\"Materialien &#8226; Brero Engineering\" \/>\n<meta property=\"og:description\" content=\"Flexibilit\u00e4t ist einer unserer wichtigsten Eigenschaften. Genau diese ausgepr\u00e4gte F\u00e4higkeit erm\u00f6glicht uns, die Stangenbearbeitung aller Eisen- und Nichteisenmaterialien durchzuf\u00fchren: Messing mit oder ohne Blei legierte St\u00e4hle (18NiCr, 39NiCr, 42CrMo) rostfreie St\u00e4hle (1.4305, 1.4301, 1.4401, 1.4404) Sonderst\u00e4hle (1.4542 &#8211; 17\/4 PH) Titan Aluminium und Legierungen (Ergal-Avional) Bronze Kupfer Kunststoffmaterialien (Nylon, Pom, Delrin, PVC, Peek) Wir sind [&hellip;]\" \/>\n<meta property=\"og:url\" content=\"https:\/\/www.breroengineering.it\/de\/materialien\/\" \/>\n<meta property=\"og:site_name\" content=\"Brero Engineering\" \/>\n<meta property=\"article:modified_time\" content=\"2025-01-28T17:17:12+00:00\" \/>\n<meta name=\"twitter:card\" content=\"summary_large_image\" \/>\n<meta name=\"twitter:label1\" content=\"Gesch\u00e4tzte Lesezeit\" \/>\n\t<meta name=\"twitter:data1\" content=\"1 Minute\" \/>\n<script type=\"application\/ld+json\" class=\"yoast-schema-graph\">{\"@context\":\"https:\/\/schema.org\",\"@graph\":[{\"@type\":\"WebPage\",\"@id\":\"https:\/\/www.breroengineering.it\/de\/materialien\/\",\"url\":\"https:\/\/www.breroengineering.it\/de\/materialien\/\",\"name\":\"Materialien &#8226; Brero Engineering\",\"isPartOf\":{\"@id\":\"https:\/\/www.breroengineering.it\/#website\"},\"datePublished\":\"2019-02-11T14:22:58+00:00\",\"dateModified\":\"2025-01-28T17:17:12+00:00\",\"breadcrumb\":{\"@id\":\"https:\/\/www.breroengineering.it\/de\/materialien\/#breadcrumb\"},\"inLanguage\":\"de-DE\",\"potentialAction\":[{\"@type\":\"ReadAction\",\"target\":[\"https:\/\/www.breroengineering.it\/de\/materialien\/\"]}]},{\"@type\":\"BreadcrumbList\",\"@id\":\"https:\/\/www.breroengineering.it\/de\/materialien\/#breadcrumb\",\"itemListElement\":[{\"@type\":\"ListItem\",\"position\":1,\"name\":\"Home\",\"item\":\"https:\/\/www.breroengineering.it\/de\/\"},{\"@type\":\"ListItem\",\"position\":2,\"name\":\"Materialien\"}]},{\"@type\":\"WebSite\",\"@id\":\"https:\/\/www.breroengineering.it\/#website\",\"url\":\"https:\/\/www.breroengineering.it\/\",\"name\":\"Brero Engineering\",\"description\":\"\",\"publisher\":{\"@id\":\"https:\/\/www.breroengineering.it\/#organization\"},\"potentialAction\":[{\"@type\":\"SearchAction\",\"target\":{\"@type\":\"EntryPoint\",\"urlTemplate\":\"https:\/\/www.breroengineering.it\/?s={search_term_string}\"},\"query-input\":{\"@type\":\"PropertyValueSpecification\",\"valueRequired\":true,\"valueName\":\"search_term_string\"}}],\"inLanguage\":\"de-DE\"},{\"@type\":\"Organization\",\"@id\":\"https:\/\/www.breroengineering.it\/#organization\",\"name\":\"Brero Engineering\",\"url\":\"https:\/\/www.breroengineering.it\/\",\"logo\":{\"@type\":\"ImageObject\",\"inLanguage\":\"de-DE\",\"@id\":\"https:\/\/www.breroengineering.it\/#\/schema\/logo\/image\/\",\"url\":\"https:\/\/www.breroengineering.it\/wp-content\/uploads\/2018\/11\/brero_logo_white@2x.png\",\"contentUrl\":\"https:\/\/www.breroengineering.it\/wp-content\/uploads\/2018\/11\/brero_logo_white@2x.png\",\"width\":1121,\"height\":108,\"caption\":\"Brero Engineering\"},\"image\":{\"@id\":\"https:\/\/www.breroengineering.it\/#\/schema\/logo\/image\/\"}}]}<\/script>\n<!-- \/ Yoast SEO plugin. -->","yoast_head_json":{"title":"Materialien &#8226; Brero Engineering","robots":{"index":"index","follow":"follow","max-snippet":"max-snippet:-1","max-image-preview":"max-image-preview:large","max-video-preview":"max-video-preview:-1"},"canonical":"https:\/\/www.breroengineering.it\/de\/materialien\/","og_locale":"de_DE","og_type":"article","og_title":"Materialien &#8226; Brero Engineering","og_description":"Flexibilit\u00e4t ist einer unserer wichtigsten Eigenschaften. Genau diese ausgepr\u00e4gte F\u00e4higkeit erm\u00f6glicht uns, die Stangenbearbeitung aller Eisen- und Nichteisenmaterialien durchzuf\u00fchren: Messing mit oder ohne Blei legierte St\u00e4hle (18NiCr, 39NiCr, 42CrMo) rostfreie St\u00e4hle (1.4305, 1.4301, 1.4401, 1.4404) Sonderst\u00e4hle (1.4542 &#8211; 17\/4 PH) Titan Aluminium und Legierungen (Ergal-Avional) Bronze Kupfer Kunststoffmaterialien (Nylon, Pom, Delrin, PVC, Peek) Wir sind [&hellip;]","og_url":"https:\/\/www.breroengineering.it\/de\/materialien\/","og_site_name":"Brero Engineering","article_modified_time":"2025-01-28T17:17:12+00:00","twitter_card":"summary_large_image","twitter_misc":{"Gesch\u00e4tzte Lesezeit":"1 Minute"},"schema":{"@context":"https:\/\/schema.org","@graph":[{"@type":"WebPage","@id":"https:\/\/www.breroengineering.it\/de\/materialien\/","url":"https:\/\/www.breroengineering.it\/de\/materialien\/","name":"Materialien &#8226; Brero Engineering","isPartOf":{"@id":"https:\/\/www.breroengineering.it\/#website"},"datePublished":"2019-02-11T14:22:58+00:00","dateModified":"2025-01-28T17:17:12+00:00","breadcrumb":{"@id":"https:\/\/www.breroengineering.it\/de\/materialien\/#breadcrumb"},"inLanguage":"de-DE","potentialAction":[{"@type":"ReadAction","target":["https:\/\/www.breroengineering.it\/de\/materialien\/"]}]},{"@type":"BreadcrumbList","@id":"https:\/\/www.breroengineering.it\/de\/materialien\/#breadcrumb","itemListElement":[{"@type":"ListItem","position":1,"name":"Home","item":"https:\/\/www.breroengineering.it\/de\/"},{"@type":"ListItem","position":2,"name":"Materialien"}]},{"@type":"WebSite","@id":"https:\/\/www.breroengineering.it\/#website","url":"https:\/\/www.breroengineering.it\/","name":"Brero Engineering","description":"","publisher":{"@id":"https:\/\/www.breroengineering.it\/#organization"},"potentialAction":[{"@type":"SearchAction","target":{"@type":"EntryPoint","urlTemplate":"https:\/\/www.breroengineering.it\/?s={search_term_string}"},"query-input":{"@type":"PropertyValueSpecification","valueRequired":true,"valueName":"search_term_string"}}],"inLanguage":"de-DE"},{"@type":"Organization","@id":"https:\/\/www.breroengineering.it\/#organization","name":"Brero Engineering","url":"https:\/\/www.breroengineering.it\/","logo":{"@type":"ImageObject","inLanguage":"de-DE","@id":"https:\/\/www.breroengineering.it\/#\/schema\/logo\/image\/","url":"https:\/\/www.breroengineering.it\/wp-content\/uploads\/2018\/11\/brero_logo_white@2x.png","contentUrl":"https:\/\/www.breroengineering.it\/wp-content\/uploads\/2018\/11\/brero_logo_white@2x.png","width":1121,"height":108,"caption":"Brero Engineering"},"image":{"@id":"https:\/\/www.breroengineering.it\/#\/schema\/logo\/image\/"}}]}},"_links":{"self":[{"href":"https:\/\/www.breroengineering.it\/de\/wp-json\/wp\/v2\/pages\/645","targetHints":{"allow":["GET"]}}],"collection":[{"href":"https:\/\/www.breroengineering.it\/de\/wp-json\/wp\/v2\/pages"}],"about":[{"href":"https:\/\/www.breroengineering.it\/de\/wp-json\/wp\/v2\/types\/page"}],"author":[{"embeddable":true,"href":"https:\/\/www.breroengineering.it\/de\/wp-json\/wp\/v2\/users\/2"}],"replies":[{"embeddable":true,"href":"https:\/\/www.breroengineering.it\/de\/wp-json\/wp\/v2\/comments?post=645"}],"version-history":[{"count":0,"href":"https:\/\/www.breroengineering.it\/de\/wp-json\/wp\/v2\/pages\/645\/revisions"}],"wp:attachment":[{"href":"https:\/\/www.breroengineering.it\/de\/wp-json\/wp\/v2\/media?parent=645"}],"curies":[{"name":"wp","href":"https:\/\/api.w.org\/{rel}","templated":true}]}}