{"id":618,"date":"2019-02-11T14:13:14","date_gmt":"2019-02-11T14:13:14","guid":{"rendered":"http:\/\/brero.wpengine.com\/?page_id=618"},"modified":"2025-01-28T18:03:06","modified_gmt":"2025-01-28T17:03:06","slug":"home","status":"publish","type":"page","link":"https:\/\/www.breroengineering.it\/de\/","title":{"rendered":"Home"},"content":{"rendered":"<p><span lang=\"DE\">Brero Engineering ist ein f\u00fchrendes Unternehmen im Bereich der mechanischen Pr\u00e4zisionsbearbeitungen (Drehen, Fr\u00e4sen, Blechbearbeitungen, Stanzen und Druckgussbearbeitungen).<\/span><\/p>\n<p><strong>Die heutige Globalisierung der Weltwirtschaft verlangt im Bereich der mechanischen Bearbeitung eine st\u00e4ndige Flexibilit\u00e4t und eine hohe Qualit\u00e4t der Fertigungsprozesse.<\/strong><\/p>\n<p>Brero Engineering Srl entstand als Partnerfirma der Firmen Brembomatic und Brembotecnica. Dank eines erfahrenen Techniker Teams ist es f\u00fcr Brero m\u00f6glich viele Kundenw\u00fcnsche zu erf\u00fcllen und viele Bearbeitungsprozesse als Hauptauftragnehmer zu bew\u00e4ltigen.<\/p>\n<p>Ausserdem, dank des gegenseitigen Vertrauens und der soliden Partnerschaft, gelingt es Brero konkurrenzf\u00e4hig zu sein (Verh\u00e4ltniss Qualit\u00e4t, Service und Preis). Die Firma kann in jedem Bereich anspruchsvolle Teile liefern dank der Unterst\u00fctzung von kompetenter Partner Firmen.<\/p>\n","protected":false},"excerpt":{"rendered":"<p>Brero Engineering ist ein f\u00fchrendes Unternehmen im Bereich der mechanischen Pr\u00e4zisionsbearbeitungen (Drehen, Fr\u00e4sen, Blechbearbeitungen, Stanzen und Druckgussbearbeitungen). Die heutige Globalisierung der Weltwirtschaft verlangt im Bereich der mechanischen Bearbeitung eine st\u00e4ndige Flexibilit\u00e4t und eine hohe Qualit\u00e4t der Fertigungsprozesse. Brero Engineering Srl entstand als Partnerfirma der Firmen Brembomatic und Brembotecnica. Dank eines erfahrenen Techniker Teams ist es [&hellip;]<\/p>\n","protected":false},"author":2,"featured_media":0,"parent":0,"menu_order":0,"comment_status":"closed","ping_status":"closed","template":"","meta":{"_acf_changed":false,"iawp_total_views":338,"footnotes":""},"class_list":["post-618","page","type-page","status-publish","hentry"],"acf":[],"yoast_head":"<!-- This site is optimized with the Yoast SEO plugin v24.0 - https:\/\/yoast.com\/wordpress\/plugins\/seo\/ -->\n<title>Home &#8226; Brero Engineering<\/title>\n<meta name=\"robots\" content=\"index, follow, max-snippet:-1, max-image-preview:large, max-video-preview:-1\" \/>\n<link rel=\"canonical\" href=\"https:\/\/www.breroengineering.it\/de\/\" \/>\n<meta property=\"og:locale\" content=\"de_DE\" \/>\n<meta property=\"og:type\" content=\"article\" \/>\n<meta property=\"og:title\" content=\"Home &#8226; Brero Engineering\" \/>\n<meta property=\"og:description\" content=\"Brero Engineering ist ein f\u00fchrendes Unternehmen im Bereich der mechanischen Pr\u00e4zisionsbearbeitungen (Drehen, Fr\u00e4sen, Blechbearbeitungen, Stanzen und Druckgussbearbeitungen). Die heutige Globalisierung der Weltwirtschaft verlangt im Bereich der mechanischen Bearbeitung eine st\u00e4ndige Flexibilit\u00e4t und eine hohe Qualit\u00e4t der Fertigungsprozesse. Brero Engineering Srl entstand als Partnerfirma der Firmen Brembomatic und Brembotecnica. Dank eines erfahrenen Techniker Teams ist es [&hellip;]\" \/>\n<meta property=\"og:url\" content=\"https:\/\/www.breroengineering.it\/de\/\" \/>\n<meta property=\"og:site_name\" content=\"Brero Engineering\" \/>\n<meta property=\"article:modified_time\" content=\"2025-01-28T17:03:06+00:00\" \/>\n<meta name=\"twitter:card\" content=\"summary_large_image\" \/>\n<meta name=\"twitter:label1\" content=\"Gesch\u00e4tzte Lesezeit\" \/>\n\t<meta name=\"twitter:data1\" content=\"1 Minute\" \/>\n<script type=\"application\/ld+json\" class=\"yoast-schema-graph\">{\"@context\":\"https:\/\/schema.org\",\"@graph\":[{\"@type\":\"WebPage\",\"@id\":\"https:\/\/www.breroengineering.it\/de\/\",\"url\":\"https:\/\/www.breroengineering.it\/de\/\",\"name\":\"Home &#8226; Brero Engineering\",\"isPartOf\":{\"@id\":\"https:\/\/www.breroengineering.it\/#website\"},\"datePublished\":\"2019-02-11T14:13:14+00:00\",\"dateModified\":\"2025-01-28T17:03:06+00:00\",\"breadcrumb\":{\"@id\":\"https:\/\/www.breroengineering.it\/de\/#breadcrumb\"},\"inLanguage\":\"de-DE\",\"potentialAction\":[{\"@type\":\"ReadAction\",\"target\":[\"https:\/\/www.breroengineering.it\/de\/\"]}]},{\"@type\":\"BreadcrumbList\",\"@id\":\"https:\/\/www.breroengineering.it\/de\/#breadcrumb\",\"itemListElement\":[{\"@type\":\"ListItem\",\"position\":1,\"name\":\"Home\",\"item\":\"https:\/\/www.breroengineering.it\/de\/\"},{\"@type\":\"ListItem\",\"position\":2,\"name\":\"Home\"}]},{\"@type\":\"WebSite\",\"@id\":\"https:\/\/www.breroengineering.it\/#website\",\"url\":\"https:\/\/www.breroengineering.it\/\",\"name\":\"Brero Engineering\",\"description\":\"\",\"publisher\":{\"@id\":\"https:\/\/www.breroengineering.it\/#organization\"},\"potentialAction\":[{\"@type\":\"SearchAction\",\"target\":{\"@type\":\"EntryPoint\",\"urlTemplate\":\"https:\/\/www.breroengineering.it\/?s={search_term_string}\"},\"query-input\":{\"@type\":\"PropertyValueSpecification\",\"valueRequired\":true,\"valueName\":\"search_term_string\"}}],\"inLanguage\":\"de-DE\"},{\"@type\":\"Organization\",\"@id\":\"https:\/\/www.breroengineering.it\/#organization\",\"name\":\"Brero Engineering\",\"url\":\"https:\/\/www.breroengineering.it\/\",\"logo\":{\"@type\":\"ImageObject\",\"inLanguage\":\"de-DE\",\"@id\":\"https:\/\/www.breroengineering.it\/#\/schema\/logo\/image\/\",\"url\":\"https:\/\/www.breroengineering.it\/wp-content\/uploads\/2018\/11\/brero_logo_white@2x.png\",\"contentUrl\":\"https:\/\/www.breroengineering.it\/wp-content\/uploads\/2018\/11\/brero_logo_white@2x.png\",\"width\":1121,\"height\":108,\"caption\":\"Brero Engineering\"},\"image\":{\"@id\":\"https:\/\/www.breroengineering.it\/#\/schema\/logo\/image\/\"}}]}<\/script>\n<!-- \/ Yoast SEO plugin. -->","yoast_head_json":{"title":"Home &#8226; Brero Engineering","robots":{"index":"index","follow":"follow","max-snippet":"max-snippet:-1","max-image-preview":"max-image-preview:large","max-video-preview":"max-video-preview:-1"},"canonical":"https:\/\/www.breroengineering.it\/de\/","og_locale":"de_DE","og_type":"article","og_title":"Home &#8226; Brero Engineering","og_description":"Brero Engineering ist ein f\u00fchrendes Unternehmen im Bereich der mechanischen Pr\u00e4zisionsbearbeitungen (Drehen, Fr\u00e4sen, Blechbearbeitungen, Stanzen und Druckgussbearbeitungen). Die heutige Globalisierung der Weltwirtschaft verlangt im Bereich der mechanischen Bearbeitung eine st\u00e4ndige Flexibilit\u00e4t und eine hohe Qualit\u00e4t der Fertigungsprozesse. Brero Engineering Srl entstand als Partnerfirma der Firmen Brembomatic und Brembotecnica. Dank eines erfahrenen Techniker Teams ist es [&hellip;]","og_url":"https:\/\/www.breroengineering.it\/de\/","og_site_name":"Brero Engineering","article_modified_time":"2025-01-28T17:03:06+00:00","twitter_card":"summary_large_image","twitter_misc":{"Gesch\u00e4tzte Lesezeit":"1 Minute"},"schema":{"@context":"https:\/\/schema.org","@graph":[{"@type":"WebPage","@id":"https:\/\/www.breroengineering.it\/de\/","url":"https:\/\/www.breroengineering.it\/de\/","name":"Home &#8226; Brero Engineering","isPartOf":{"@id":"https:\/\/www.breroengineering.it\/#website"},"datePublished":"2019-02-11T14:13:14+00:00","dateModified":"2025-01-28T17:03:06+00:00","breadcrumb":{"@id":"https:\/\/www.breroengineering.it\/de\/#breadcrumb"},"inLanguage":"de-DE","potentialAction":[{"@type":"ReadAction","target":["https:\/\/www.breroengineering.it\/de\/"]}]},{"@type":"BreadcrumbList","@id":"https:\/\/www.breroengineering.it\/de\/#breadcrumb","itemListElement":[{"@type":"ListItem","position":1,"name":"Home","item":"https:\/\/www.breroengineering.it\/de\/"},{"@type":"ListItem","position":2,"name":"Home"}]},{"@type":"WebSite","@id":"https:\/\/www.breroengineering.it\/#website","url":"https:\/\/www.breroengineering.it\/","name":"Brero Engineering","description":"","publisher":{"@id":"https:\/\/www.breroengineering.it\/#organization"},"potentialAction":[{"@type":"SearchAction","target":{"@type":"EntryPoint","urlTemplate":"https:\/\/www.breroengineering.it\/?s={search_term_string}"},"query-input":{"@type":"PropertyValueSpecification","valueRequired":true,"valueName":"search_term_string"}}],"inLanguage":"de-DE"},{"@type":"Organization","@id":"https:\/\/www.breroengineering.it\/#organization","name":"Brero Engineering","url":"https:\/\/www.breroengineering.it\/","logo":{"@type":"ImageObject","inLanguage":"de-DE","@id":"https:\/\/www.breroengineering.it\/#\/schema\/logo\/image\/","url":"https:\/\/www.breroengineering.it\/wp-content\/uploads\/2018\/11\/brero_logo_white@2x.png","contentUrl":"https:\/\/www.breroengineering.it\/wp-content\/uploads\/2018\/11\/brero_logo_white@2x.png","width":1121,"height":108,"caption":"Brero Engineering"},"image":{"@id":"https:\/\/www.breroengineering.it\/#\/schema\/logo\/image\/"}}]}},"_links":{"self":[{"href":"https:\/\/www.breroengineering.it\/de\/wp-json\/wp\/v2\/pages\/618","targetHints":{"allow":["GET"]}}],"collection":[{"href":"https:\/\/www.breroengineering.it\/de\/wp-json\/wp\/v2\/pages"}],"about":[{"href":"https:\/\/www.breroengineering.it\/de\/wp-json\/wp\/v2\/types\/page"}],"author":[{"embeddable":true,"href":"https:\/\/www.breroengineering.it\/de\/wp-json\/wp\/v2\/users\/2"}],"replies":[{"embeddable":true,"href":"https:\/\/www.breroengineering.it\/de\/wp-json\/wp\/v2\/comments?post=618"}],"version-history":[{"count":0,"href":"https:\/\/www.breroengineering.it\/de\/wp-json\/wp\/v2\/pages\/618\/revisions"}],"wp:attachment":[{"href":"https:\/\/www.breroengineering.it\/de\/wp-json\/wp\/v2\/media?parent=618"}],"curies":[{"name":"wp","href":"https:\/\/api.w.org\/{rel}","templated":true}]}}