{"id":608,"date":"2019-02-11T14:06:00","date_gmt":"2019-02-11T14:06:00","guid":{"rendered":"http:\/\/brero.wpengine.com\/?page_id=608"},"modified":"2025-01-28T18:09:49","modified_gmt":"2025-01-28T17:09:49","slug":"firma","status":"publish","type":"page","link":"https:\/\/www.breroengineering.it\/de\/firma\/","title":{"rendered":"Firma"},"content":{"rendered":"<p>Seit \u00fcber 40 Jahre sind wir <strong>im Bereich der Pr\u00e4zisionsmechanik t\u00e4tig<\/strong>. Es ist ein innovatives Unternehmen, das sich durch Investitionen in Maschinen und Pr\u00fcfinstrumente der neuesten Generation weiterentwickeln konnte.<\/p>\n<p>Durch die Unterst\u00fctzung eines hochqualifizierten technischen Personals verwaltet Brero als <strong>Hauptauftragnehmer fast alle Produktionsprozesse<\/strong> und baut somit eine solide Partnerschaft mit dem Kunden auf. Unser Ziel ist, durch Qualit\u00e4t, Service und Preis die Wettbewerbsf\u00e4higkeit zu steigern.<\/p>\n<p>Brero kann den Kunden auf technischer Ebene vom Entwurf bis zur Industrialisierung des Teiles unterst\u00fctzen. Brero arbeitet mit den technischen B\u00fcros unserer Kundenfirmen zusammen und ber\u00e4t und schl\u00e4gt L\u00f6sungen vor, die zur Optimierung der Machbarkeit, der Kosten und der Lieferzeit des Produktes f\u00fchren sollten.<\/p>\n<p><strong>Unser Motto lautet Flexibilit\u00e4t<\/strong>: Um den Bed\u00fcrfnissen eines sich st\u00e4ndig weiterentwickelnden Marktes gerecht zu werden, wurde unsere Produktionsstruktur so organisiert und optimiert, dass sie sich rasch an jede Kundenanforderung anpassen kann.<\/p>\n<p>Dank der Zusammenarbeit mit f\u00fchrenden Unternehmen ist Brero in der Lage, komplexe Teile und innovativen Technologien zu liefern.<\/p>\n<p>Heute entwickelt sich Brero auf 2 Fl\u00e4chen (4.000 und 3.000 qm).<\/p>\n<p>Seit einigen Jahren ist Brero f\u00fcr einige wichtige Kunden \u201eFree Pass Lieferant\u201c. Brero kann Rahmenbestellungen mit w\u00f6chentlichen Lieferungen garantieren, da wir f\u00fcr unsere Kunden Teile am Lager aufbewahren k\u00f6nnen und somit einen Sicherheitslos garantieren k\u00f6nnen.<\/p>\n<p><strong>F\u00fcr jedes Produkt werden hohe Qualit\u00e4tsstandards garantiert, die den strengsten internationalen Standards entsprechen.<\/strong><\/p>\n<p><strong>BRERO Engineering produziert:<\/strong><\/p>\n<ul>\n<li>Pr\u00e4zisionsmetalldrehen, Drehteile<\/li>\n<li>CNC Fr\u00e4sarbeitung bis zu 5 Palettenachsen<\/li>\n<li>Rund- und Flachschleifen, Elektroerosion<\/li>\n<li>Stanzen und Metall Schneiden<\/li>\n<li>Laser Schnitt<\/li>\n<li>Produktdesign und Industrialisierung<\/li>\n<\/ul>\n<p><strong>Als Hauptauftragnehmer k\u00f6nnen wir folgendes anbieten:<\/strong><\/p>\n<ul>\n<li>Aluminium und Magnesium Druckgusse;<\/li>\n<li>Technische Artikel aus Plastik und Gummi<\/li>\n<li>Federn und Mikrofedern<\/li>\n<li>W\u00e4rmebehandlungen, galvanische und anodische Oxidation<\/li>\n<li>Baugruppen (komplette Baugruppe oder Vormontage von Baugruppen)<\/li>\n<\/ul>\n","protected":false},"excerpt":{"rendered":"<p>Seit \u00fcber 40 Jahre sind wir im Bereich der Pr\u00e4zisionsmechanik t\u00e4tig. Es ist ein innovatives Unternehmen, das sich durch Investitionen in Maschinen und Pr\u00fcfinstrumente der neuesten Generation weiterentwickeln konnte. Durch die Unterst\u00fctzung eines hochqualifizierten technischen Personals verwaltet Brero als Hauptauftragnehmer fast alle Produktionsprozesse und baut somit eine solide Partnerschaft mit dem Kunden auf. Unser Ziel [&hellip;]<\/p>\n","protected":false},"author":2,"featured_media":0,"parent":0,"menu_order":0,"comment_status":"closed","ping_status":"closed","template":"","meta":{"_acf_changed":false,"iawp_total_views":150,"footnotes":""},"class_list":["post-608","page","type-page","status-publish","hentry"],"acf":[],"yoast_head":"<!-- This site is optimized with the Yoast SEO plugin v24.0 - https:\/\/yoast.com\/wordpress\/plugins\/seo\/ -->\n<title>Firma &#8226; Brero Engineering<\/title>\n<meta name=\"description\" content=\"Mechanische Bearbeitungen in Bergamo (Italien). Drehteile, Fr\u00e4steile, Schleifen, Elektroerosion, Metall schneiden, Druckgusse, Federn, Behandlungen\" \/>\n<meta name=\"robots\" content=\"index, follow, max-snippet:-1, max-image-preview:large, max-video-preview:-1\" \/>\n<link rel=\"canonical\" href=\"https:\/\/www.breroengineering.it\/de\/firma\/\" \/>\n<meta property=\"og:locale\" content=\"de_DE\" \/>\n<meta property=\"og:type\" content=\"article\" \/>\n<meta property=\"og:title\" content=\"Firma &#8226; Brero Engineering\" \/>\n<meta property=\"og:description\" content=\"Mechanische Bearbeitungen in Bergamo (Italien). Drehteile, Fr\u00e4steile, Schleifen, Elektroerosion, Metall schneiden, Druckgusse, Federn, Behandlungen\" \/>\n<meta property=\"og:url\" content=\"https:\/\/www.breroengineering.it\/de\/firma\/\" \/>\n<meta property=\"og:site_name\" content=\"Brero Engineering\" \/>\n<meta property=\"article:modified_time\" content=\"2025-01-28T17:09:49+00:00\" \/>\n<meta name=\"twitter:card\" content=\"summary_large_image\" \/>\n<meta name=\"twitter:label1\" content=\"Gesch\u00e4tzte Lesezeit\" \/>\n\t<meta name=\"twitter:data1\" content=\"2 Minuten\" \/>\n<script type=\"application\/ld+json\" class=\"yoast-schema-graph\">{\"@context\":\"https:\/\/schema.org\",\"@graph\":[{\"@type\":\"WebPage\",\"@id\":\"https:\/\/www.breroengineering.it\/de\/firma\/\",\"url\":\"https:\/\/www.breroengineering.it\/de\/firma\/\",\"name\":\"Firma &#8226; Brero Engineering\",\"isPartOf\":{\"@id\":\"https:\/\/www.breroengineering.it\/#website\"},\"datePublished\":\"2019-02-11T14:06:00+00:00\",\"dateModified\":\"2025-01-28T17:09:49+00:00\",\"description\":\"Mechanische Bearbeitungen in Bergamo (Italien). Drehteile, Fr\u00e4steile, Schleifen, Elektroerosion, Metall schneiden, Druckgusse, Federn, Behandlungen\",\"breadcrumb\":{\"@id\":\"https:\/\/www.breroengineering.it\/de\/firma\/#breadcrumb\"},\"inLanguage\":\"de-DE\",\"potentialAction\":[{\"@type\":\"ReadAction\",\"target\":[\"https:\/\/www.breroengineering.it\/de\/firma\/\"]}]},{\"@type\":\"BreadcrumbList\",\"@id\":\"https:\/\/www.breroengineering.it\/de\/firma\/#breadcrumb\",\"itemListElement\":[{\"@type\":\"ListItem\",\"position\":1,\"name\":\"Home\",\"item\":\"https:\/\/www.breroengineering.it\/de\/\"},{\"@type\":\"ListItem\",\"position\":2,\"name\":\"Firma\"}]},{\"@type\":\"WebSite\",\"@id\":\"https:\/\/www.breroengineering.it\/#website\",\"url\":\"https:\/\/www.breroengineering.it\/\",\"name\":\"Brero Engineering\",\"description\":\"\",\"publisher\":{\"@id\":\"https:\/\/www.breroengineering.it\/#organization\"},\"potentialAction\":[{\"@type\":\"SearchAction\",\"target\":{\"@type\":\"EntryPoint\",\"urlTemplate\":\"https:\/\/www.breroengineering.it\/?s={search_term_string}\"},\"query-input\":{\"@type\":\"PropertyValueSpecification\",\"valueRequired\":true,\"valueName\":\"search_term_string\"}}],\"inLanguage\":\"de-DE\"},{\"@type\":\"Organization\",\"@id\":\"https:\/\/www.breroengineering.it\/#organization\",\"name\":\"Brero Engineering\",\"url\":\"https:\/\/www.breroengineering.it\/\",\"logo\":{\"@type\":\"ImageObject\",\"inLanguage\":\"de-DE\",\"@id\":\"https:\/\/www.breroengineering.it\/#\/schema\/logo\/image\/\",\"url\":\"https:\/\/www.breroengineering.it\/wp-content\/uploads\/2018\/11\/brero_logo_white@2x.png\",\"contentUrl\":\"https:\/\/www.breroengineering.it\/wp-content\/uploads\/2018\/11\/brero_logo_white@2x.png\",\"width\":1121,\"height\":108,\"caption\":\"Brero Engineering\"},\"image\":{\"@id\":\"https:\/\/www.breroengineering.it\/#\/schema\/logo\/image\/\"}}]}<\/script>\n<!-- \/ Yoast SEO plugin. -->","yoast_head_json":{"title":"Firma &#8226; Brero Engineering","description":"Mechanische Bearbeitungen in Bergamo (Italien). Drehteile, Fr\u00e4steile, Schleifen, Elektroerosion, Metall schneiden, Druckgusse, Federn, Behandlungen","robots":{"index":"index","follow":"follow","max-snippet":"max-snippet:-1","max-image-preview":"max-image-preview:large","max-video-preview":"max-video-preview:-1"},"canonical":"https:\/\/www.breroengineering.it\/de\/firma\/","og_locale":"de_DE","og_type":"article","og_title":"Firma &#8226; Brero Engineering","og_description":"Mechanische Bearbeitungen in Bergamo (Italien). Drehteile, Fr\u00e4steile, Schleifen, Elektroerosion, Metall schneiden, Druckgusse, Federn, Behandlungen","og_url":"https:\/\/www.breroengineering.it\/de\/firma\/","og_site_name":"Brero Engineering","article_modified_time":"2025-01-28T17:09:49+00:00","twitter_card":"summary_large_image","twitter_misc":{"Gesch\u00e4tzte Lesezeit":"2 Minuten"},"schema":{"@context":"https:\/\/schema.org","@graph":[{"@type":"WebPage","@id":"https:\/\/www.breroengineering.it\/de\/firma\/","url":"https:\/\/www.breroengineering.it\/de\/firma\/","name":"Firma &#8226; Brero Engineering","isPartOf":{"@id":"https:\/\/www.breroengineering.it\/#website"},"datePublished":"2019-02-11T14:06:00+00:00","dateModified":"2025-01-28T17:09:49+00:00","description":"Mechanische Bearbeitungen in Bergamo (Italien). Drehteile, Fr\u00e4steile, Schleifen, Elektroerosion, Metall schneiden, Druckgusse, Federn, Behandlungen","breadcrumb":{"@id":"https:\/\/www.breroengineering.it\/de\/firma\/#breadcrumb"},"inLanguage":"de-DE","potentialAction":[{"@type":"ReadAction","target":["https:\/\/www.breroengineering.it\/de\/firma\/"]}]},{"@type":"BreadcrumbList","@id":"https:\/\/www.breroengineering.it\/de\/firma\/#breadcrumb","itemListElement":[{"@type":"ListItem","position":1,"name":"Home","item":"https:\/\/www.breroengineering.it\/de\/"},{"@type":"ListItem","position":2,"name":"Firma"}]},{"@type":"WebSite","@id":"https:\/\/www.breroengineering.it\/#website","url":"https:\/\/www.breroengineering.it\/","name":"Brero Engineering","description":"","publisher":{"@id":"https:\/\/www.breroengineering.it\/#organization"},"potentialAction":[{"@type":"SearchAction","target":{"@type":"EntryPoint","urlTemplate":"https:\/\/www.breroengineering.it\/?s={search_term_string}"},"query-input":{"@type":"PropertyValueSpecification","valueRequired":true,"valueName":"search_term_string"}}],"inLanguage":"de-DE"},{"@type":"Organization","@id":"https:\/\/www.breroengineering.it\/#organization","name":"Brero Engineering","url":"https:\/\/www.breroengineering.it\/","logo":{"@type":"ImageObject","inLanguage":"de-DE","@id":"https:\/\/www.breroengineering.it\/#\/schema\/logo\/image\/","url":"https:\/\/www.breroengineering.it\/wp-content\/uploads\/2018\/11\/brero_logo_white@2x.png","contentUrl":"https:\/\/www.breroengineering.it\/wp-content\/uploads\/2018\/11\/brero_logo_white@2x.png","width":1121,"height":108,"caption":"Brero Engineering"},"image":{"@id":"https:\/\/www.breroengineering.it\/#\/schema\/logo\/image\/"}}]}},"_links":{"self":[{"href":"https:\/\/www.breroengineering.it\/de\/wp-json\/wp\/v2\/pages\/608","targetHints":{"allow":["GET"]}}],"collection":[{"href":"https:\/\/www.breroengineering.it\/de\/wp-json\/wp\/v2\/pages"}],"about":[{"href":"https:\/\/www.breroengineering.it\/de\/wp-json\/wp\/v2\/types\/page"}],"author":[{"embeddable":true,"href":"https:\/\/www.breroengineering.it\/de\/wp-json\/wp\/v2\/users\/2"}],"replies":[{"embeddable":true,"href":"https:\/\/www.breroengineering.it\/de\/wp-json\/wp\/v2\/comments?post=608"}],"version-history":[{"count":0,"href":"https:\/\/www.breroengineering.it\/de\/wp-json\/wp\/v2\/pages\/608\/revisions"}],"wp:attachment":[{"href":"https:\/\/www.breroengineering.it\/de\/wp-json\/wp\/v2\/media?parent=608"}],"curies":[{"name":"wp","href":"https:\/\/api.w.org\/{rel}","templated":true}]}}