{"id":1744,"date":"2020-02-06T10:44:05","date_gmt":"2020-02-06T10:44:05","guid":{"rendered":"https:\/\/www.breroengineering.it\/?page_id=1744"},"modified":"2023-05-29T15:10:47","modified_gmt":"2023-05-29T13:10:47","slug":"management-system","status":"publish","type":"page","link":"https:\/\/www.breroengineering.it\/de\/management-system\/","title":{"rendered":"Management system"},"content":{"rendered":"<p>Das General Management von Brero Engineering SRL hat die Implementierung eines Qualit\u00e4tsmanagementsystems gef\u00f6rdert, das darauf abzielt, die volle Zufriedenheit der Kunden zu erreichen. Die Mitarbeiter und andere interessierte Kreise (Mitarbeiter, Lieferanten, Zivilgesellschaft) sind auf Verbesserungen ausgerichtet. kontinuierlich.<\/p>\n<p>&nbsp;<\/p>\n<p>Das Unternehmen verfolgt insbesondere folgende Ziele:<\/p>\n<ol>\n<li>die Einbeziehung aller Mitarbeiter in die kontinuierliche Verbesserung der Dienstleistungen;<\/li>\n<li>Verbesserung der internen Kommunikation zwischen den Mitarbeitern sowohl f\u00fcr vertikale als auch f\u00fcr horizontale Linien;<\/li>\n<li>den Mitarbeitern die Schulungs- und Informationsinstrumente zur Verf\u00fcgung zu stellen, die zur Verbesserung der angebotenen Produkte und Dienstleistungen erforderlich oder angemessen sind;<\/li>\n<li>die zunehmende \u00dcberzeugung des Kunden, dass es sich um eine zuverl\u00e4ssige und technisch vorbereitete Organisation handelt, um eine positive Mundpropaganda des Kunden zu gew\u00e4hrleisten, die es der Organisation erm\u00f6glicht, kontinuierlich zu wachsen;<\/li>\n<li>Feststellung, inwieweit die Bed\u00fcrfnisse, W\u00fcnsche und Erwartungen von Kunden und anderen interessierten Parteien erf\u00fcllt werden.<\/li>\n<li>die Zufriedenheit interessierter Parteien (Immobilien, Kunden, Mitarbeiter, Lieferanten) und daher: st\u00e4ndige Verringerung der Anzahl der Beschwerden, hohe Kundenzufriedenheit, Partnerschaftsvereinbarungen mit Lieferanten;<\/li>\n<li>Einhaltung expliziter und impliziter vertraglicher Verpflichtungen;<\/li>\n<li>die Pflege der Kommunikation gegen\u00fcber dem Kunden;<\/li>\n<li>Achtung der Umwelt und der aktuellen Umweltgesetzgebung;<\/li>\n<li>Einhaltung der Arbeitsschutzbestimmungen.<\/li>\n<\/ol>\n<p>Um die in dieser Qualit\u00e4tspolitik festgelegten Ziele zu erreichen, die mit unternehmerischem Willen verfolgt werden, verpflichtet sich das Management, die erforderlichen Ressourcen bereitzustellen, insbesondere:<\/p>\n<p>Organisation von Schulungsaktivit\u00e4ten, die erforderlich sind, um das Personal auf die Bedeutung des eingeschlagenen Weges aufmerksam zu machen und Informationen zu \u00fcbertragen, um ordnungsgem\u00e4\u00df zu funktionieren;<\/p>\n<p>Die st\u00e4ndige und aktive Pr\u00e4senz des Managements selbst, die mit den Verpflichtungen vereinbar ist, w\u00e4hrend der verschiedenen Phasen der Implementierung des Qualit\u00e4tsmanagementsystems.<\/p>\n<p>Arbeiten Sie im Hinblick auf die Vermeidung von Gesundheits- und Sicherheitsrisiken und achten Sie st\u00e4ndig auf die Verbesserung der Arbeitsbedingungen.<\/p>\n<p>Die Benennung einer Person, die die Rolle des Qualit\u00e4tsmanagement-Managers (QMS) innehat, der sowohl intern als auch extern als Referenz f\u00fcr Qualit\u00e4tsfragen fungiert und sich f\u00fcr die Koordinierung und \u00dcberpr\u00fcfung der Implementierungsphasen des Systems einsetzt Gesch\u00e4ftsf\u00fchrung;<\/p>\n<p>Implementieren Sie folglich systematische Verbesserungsprogramme.<\/p>\n<p>Das General Management von Brero Engineering SRL verpflichtet sich au\u00dferdem, die in dieser Richtlinie zum Ausdruck gebrachten Ziele messbar zu machen, mindestens einmal j\u00e4hrlich die erzielten Ergebnisse zu liefern und die neuen Ziele f\u00fcr den Folgezeitraum festzulegen und sie der gesamten Organisation mitzuteilen.<\/p>\n<p>Die Methoden, mit denen das General Management von Brero Engineering SRL arbeiten will, sind im Qualit\u00e4tshandbuch und in den Verfahren aufgef\u00fchrt, die die Qualit\u00e4tspolitik des Unternehmens interpretieren und \u00fcbersetzen.<\/p>\n<p>&nbsp;<\/p>\n<p>Mit dem Erreichen dieser Ziele meinen wir:<\/p>\n<ul>\n<li>ein Unternehmen schaffen, das sich stark auf seine Kunden konzentriert;<\/li>\n<li>Steigerung der Wirksamkeit auf dem Markt;<\/li>\n<li>Kundenzufriedenheit zum Differenzierungsfaktor in einem hart umk\u00e4mpften Markt machen.<\/li>\n<li>F\u00f6rderung der Aufmerksamkeit und des Bewusstseins f\u00fcr die Besonderheiten in Bezug auf Sicherheit und Gesundheit am Arbeitsplatz.<\/li>\n<li>Verbesserung der Sicherheitsbedingungen in den eigenen Einrichtungen und auf den Baustellen.<\/li>\n<\/ul>\n<p>Die Qualit\u00e4tspolitik wird allen Mitarbeitern durch Verbreitung im Quality Notice Board und durch eine j\u00e4hrliche Sitzung des Managements vorgestellt.<\/p>\n<p>&nbsp;<\/p>\n","protected":false},"excerpt":{"rendered":"<p>Das General Management von Brero Engineering SRL hat die Implementierung eines Qualit\u00e4tsmanagementsystems gef\u00f6rdert, das darauf abzielt, die volle Zufriedenheit der Kunden zu erreichen. Die Mitarbeiter und andere interessierte Kreise (Mitarbeiter, Lieferanten, Zivilgesellschaft) sind auf Verbesserungen ausgerichtet. kontinuierlich. &nbsp; Das Unternehmen verfolgt insbesondere folgende Ziele: die Einbeziehung aller Mitarbeiter in die kontinuierliche Verbesserung der Dienstleistungen; Verbesserung [&hellip;]<\/p>\n","protected":false},"author":2,"featured_media":0,"parent":0,"menu_order":0,"comment_status":"closed","ping_status":"closed","template":"","meta":{"_acf_changed":false,"iawp_total_views":49,"footnotes":""},"class_list":["post-1744","page","type-page","status-publish","hentry"],"acf":[],"yoast_head":"<!-- This site is optimized with the Yoast SEO plugin v24.0 - https:\/\/yoast.com\/wordpress\/plugins\/seo\/ -->\n<title>Management system &#8226; Brero Engineering<\/title>\n<meta name=\"robots\" content=\"index, follow, max-snippet:-1, max-image-preview:large, max-video-preview:-1\" \/>\n<link rel=\"canonical\" href=\"https:\/\/www.breroengineering.it\/sistema-di-gestione\/\" \/>\n<meta property=\"og:locale\" content=\"de_DE\" \/>\n<meta property=\"og:type\" content=\"article\" \/>\n<meta property=\"og:title\" content=\"Management system &#8226; Brero Engineering\" \/>\n<meta property=\"og:description\" content=\"Das General Management von Brero Engineering SRL hat die Implementierung eines Qualit\u00e4tsmanagementsystems gef\u00f6rdert, das darauf abzielt, die volle Zufriedenheit der Kunden zu erreichen. Die Mitarbeiter und andere interessierte Kreise (Mitarbeiter, Lieferanten, Zivilgesellschaft) sind auf Verbesserungen ausgerichtet. kontinuierlich. &nbsp; Das Unternehmen verfolgt insbesondere folgende Ziele: die Einbeziehung aller Mitarbeiter in die kontinuierliche Verbesserung der Dienstleistungen; Verbesserung [&hellip;]\" \/>\n<meta property=\"og:url\" content=\"https:\/\/www.breroengineering.it\/sistema-di-gestione\/\" \/>\n<meta property=\"og:site_name\" content=\"Brero Engineering\" \/>\n<meta property=\"article:modified_time\" content=\"2023-05-29T13:10:47+00:00\" \/>\n<meta name=\"twitter:card\" content=\"summary_large_image\" \/>\n<meta name=\"twitter:label1\" content=\"Gesch\u00e4tzte Lesezeit\" \/>\n\t<meta name=\"twitter:data1\" content=\"3 Minuten\" \/>\n<script type=\"application\/ld+json\" class=\"yoast-schema-graph\">{\"@context\":\"https:\/\/schema.org\",\"@graph\":[{\"@type\":\"WebPage\",\"@id\":\"https:\/\/www.breroengineering.it\/sistema-di-gestione\/\",\"url\":\"https:\/\/www.breroengineering.it\/sistema-di-gestione\/\",\"name\":\"Management system &#8226; Brero Engineering\",\"isPartOf\":{\"@id\":\"https:\/\/www.breroengineering.it\/#website\"},\"datePublished\":\"2020-02-06T10:44:05+00:00\",\"dateModified\":\"2023-05-29T13:10:47+00:00\",\"breadcrumb\":{\"@id\":\"https:\/\/www.breroengineering.it\/sistema-di-gestione\/#breadcrumb\"},\"inLanguage\":\"de-DE\",\"potentialAction\":[{\"@type\":\"ReadAction\",\"target\":[\"https:\/\/www.breroengineering.it\/sistema-di-gestione\/\"]}]},{\"@type\":\"BreadcrumbList\",\"@id\":\"https:\/\/www.breroengineering.it\/sistema-di-gestione\/#breadcrumb\",\"itemListElement\":[{\"@type\":\"ListItem\",\"position\":1,\"name\":\"Home\",\"item\":\"https:\/\/www.breroengineering.it\/de\/\"},{\"@type\":\"ListItem\",\"position\":2,\"name\":\"Management system\"}]},{\"@type\":\"WebSite\",\"@id\":\"https:\/\/www.breroengineering.it\/#website\",\"url\":\"https:\/\/www.breroengineering.it\/\",\"name\":\"Brero Engineering\",\"description\":\"\",\"publisher\":{\"@id\":\"https:\/\/www.breroengineering.it\/#organization\"},\"potentialAction\":[{\"@type\":\"SearchAction\",\"target\":{\"@type\":\"EntryPoint\",\"urlTemplate\":\"https:\/\/www.breroengineering.it\/?s={search_term_string}\"},\"query-input\":{\"@type\":\"PropertyValueSpecification\",\"valueRequired\":true,\"valueName\":\"search_term_string\"}}],\"inLanguage\":\"de-DE\"},{\"@type\":\"Organization\",\"@id\":\"https:\/\/www.breroengineering.it\/#organization\",\"name\":\"Brero Engineering\",\"url\":\"https:\/\/www.breroengineering.it\/\",\"logo\":{\"@type\":\"ImageObject\",\"inLanguage\":\"de-DE\",\"@id\":\"https:\/\/www.breroengineering.it\/#\/schema\/logo\/image\/\",\"url\":\"https:\/\/www.breroengineering.it\/wp-content\/uploads\/2018\/11\/brero_logo_white@2x.png\",\"contentUrl\":\"https:\/\/www.breroengineering.it\/wp-content\/uploads\/2018\/11\/brero_logo_white@2x.png\",\"width\":1121,\"height\":108,\"caption\":\"Brero Engineering\"},\"image\":{\"@id\":\"https:\/\/www.breroengineering.it\/#\/schema\/logo\/image\/\"}}]}<\/script>\n<!-- \/ Yoast SEO plugin. -->","yoast_head_json":{"title":"Management system &#8226; Brero Engineering","robots":{"index":"index","follow":"follow","max-snippet":"max-snippet:-1","max-image-preview":"max-image-preview:large","max-video-preview":"max-video-preview:-1"},"canonical":"https:\/\/www.breroengineering.it\/sistema-di-gestione\/","og_locale":"de_DE","og_type":"article","og_title":"Management system &#8226; Brero Engineering","og_description":"Das General Management von Brero Engineering SRL hat die Implementierung eines Qualit\u00e4tsmanagementsystems gef\u00f6rdert, das darauf abzielt, die volle Zufriedenheit der Kunden zu erreichen. Die Mitarbeiter und andere interessierte Kreise (Mitarbeiter, Lieferanten, Zivilgesellschaft) sind auf Verbesserungen ausgerichtet. kontinuierlich. &nbsp; Das Unternehmen verfolgt insbesondere folgende Ziele: die Einbeziehung aller Mitarbeiter in die kontinuierliche Verbesserung der Dienstleistungen; Verbesserung [&hellip;]","og_url":"https:\/\/www.breroengineering.it\/sistema-di-gestione\/","og_site_name":"Brero Engineering","article_modified_time":"2023-05-29T13:10:47+00:00","twitter_card":"summary_large_image","twitter_misc":{"Gesch\u00e4tzte Lesezeit":"3 Minuten"},"schema":{"@context":"https:\/\/schema.org","@graph":[{"@type":"WebPage","@id":"https:\/\/www.breroengineering.it\/sistema-di-gestione\/","url":"https:\/\/www.breroengineering.it\/sistema-di-gestione\/","name":"Management system &#8226; Brero Engineering","isPartOf":{"@id":"https:\/\/www.breroengineering.it\/#website"},"datePublished":"2020-02-06T10:44:05+00:00","dateModified":"2023-05-29T13:10:47+00:00","breadcrumb":{"@id":"https:\/\/www.breroengineering.it\/sistema-di-gestione\/#breadcrumb"},"inLanguage":"de-DE","potentialAction":[{"@type":"ReadAction","target":["https:\/\/www.breroengineering.it\/sistema-di-gestione\/"]}]},{"@type":"BreadcrumbList","@id":"https:\/\/www.breroengineering.it\/sistema-di-gestione\/#breadcrumb","itemListElement":[{"@type":"ListItem","position":1,"name":"Home","item":"https:\/\/www.breroengineering.it\/de\/"},{"@type":"ListItem","position":2,"name":"Management system"}]},{"@type":"WebSite","@id":"https:\/\/www.breroengineering.it\/#website","url":"https:\/\/www.breroengineering.it\/","name":"Brero Engineering","description":"","publisher":{"@id":"https:\/\/www.breroengineering.it\/#organization"},"potentialAction":[{"@type":"SearchAction","target":{"@type":"EntryPoint","urlTemplate":"https:\/\/www.breroengineering.it\/?s={search_term_string}"},"query-input":{"@type":"PropertyValueSpecification","valueRequired":true,"valueName":"search_term_string"}}],"inLanguage":"de-DE"},{"@type":"Organization","@id":"https:\/\/www.breroengineering.it\/#organization","name":"Brero Engineering","url":"https:\/\/www.breroengineering.it\/","logo":{"@type":"ImageObject","inLanguage":"de-DE","@id":"https:\/\/www.breroengineering.it\/#\/schema\/logo\/image\/","url":"https:\/\/www.breroengineering.it\/wp-content\/uploads\/2018\/11\/brero_logo_white@2x.png","contentUrl":"https:\/\/www.breroengineering.it\/wp-content\/uploads\/2018\/11\/brero_logo_white@2x.png","width":1121,"height":108,"caption":"Brero Engineering"},"image":{"@id":"https:\/\/www.breroengineering.it\/#\/schema\/logo\/image\/"}}]}},"_links":{"self":[{"href":"https:\/\/www.breroengineering.it\/de\/wp-json\/wp\/v2\/pages\/1744","targetHints":{"allow":["GET"]}}],"collection":[{"href":"https:\/\/www.breroengineering.it\/de\/wp-json\/wp\/v2\/pages"}],"about":[{"href":"https:\/\/www.breroengineering.it\/de\/wp-json\/wp\/v2\/types\/page"}],"author":[{"embeddable":true,"href":"https:\/\/www.breroengineering.it\/de\/wp-json\/wp\/v2\/users\/2"}],"replies":[{"embeddable":true,"href":"https:\/\/www.breroengineering.it\/de\/wp-json\/wp\/v2\/comments?post=1744"}],"version-history":[{"count":0,"href":"https:\/\/www.breroengineering.it\/de\/wp-json\/wp\/v2\/pages\/1744\/revisions"}],"wp:attachment":[{"href":"https:\/\/www.breroengineering.it\/de\/wp-json\/wp\/v2\/media?parent=1744"}],"curies":[{"name":"wp","href":"https:\/\/api.w.org\/{rel}","templated":true}]}}